{"id":5539,"date":"2024-06-12T15:45:05","date_gmt":"2024-06-12T13:45:05","guid":{"rendered":"https:\/\/qsl.cat\/elaboracio-de-materials\/"},"modified":"2024-06-12T21:52:24","modified_gmt":"2024-06-12T19:52:24","slug":"elaboracion-de-materiales","status":"publish","type":"page","link":"https:\/\/qsl.cat\/es\/elaboracion-de-materiales\/","title":{"rendered":"Elaboraci\u00f3n de materiales"},"content":{"rendered":"<style>.kb-row-layout-wrap.wp-block-kadence-rowlayout.kb-row-layout-id5539_6ebb28-ae{margin-bottom:0px;}.kb-row-layout-id5539_6ebb28-ae > .kt-row-column-wrap{align-content:end;}:where(.kb-row-layout-id5539_6ebb28-ae > .kt-row-column-wrap) > .wp-block-kadence-column{justify-content:end;}.kb-row-layout-id5539_6ebb28-ae > .kt-row-column-wrap{column-gap:var(--global-kb-gap-md, 2rem);row-gap:var(--global-kb-gap-md, 2rem);max-width:1240px;margin-left:auto;margin-right:auto;padding-top:200px;padding-bottom:60px;min-height:322px;grid-template-columns:minmax(0, 1fr);}.kb-row-layout-id5539_6ebb28-ae{background-color:#088c8e;}.kb-row-layout-id5539_6ebb28-ae > .kt-row-layout-overlay{opacity:0.30;}@media all and (max-width: 1024px){.kb-row-layout-id5539_6ebb28-ae > .kt-row-column-wrap{grid-template-columns:minmax(0, 1fr);}}@media all and (max-width: 767px){.kb-row-layout-id5539_6ebb28-ae > .kt-row-column-wrap{grid-template-columns:minmax(0, 1fr);}}<\/style><div class=\"kb-row-layout-wrap kb-row-layout-id5539_6ebb28-ae alignfull kt-row-has-bg header-interior estatic wp-block-kadence-rowlayout\"><div class=\"kt-row-column-wrap kt-has-1-columns kt-row-layout-equal kt-tab-layout-inherit kt-mobile-layout-row kt-row-valign-bottom\">\n<style>.kadence-column5539_ba5574-bf > .kt-inside-inner-col,.kadence-column5539_ba5574-bf > .kt-inside-inner-col:before{border-top-left-radius:0px;border-top-right-radius:0px;border-bottom-right-radius:0px;border-bottom-left-radius:0px;}.kadence-column5539_ba5574-bf > .kt-inside-inner-col{column-gap:var(--global-kb-gap-sm, 1rem);}.kadence-column5539_ba5574-bf > .kt-inside-inner-col{flex-direction:column;}.kadence-column5539_ba5574-bf > .kt-inside-inner-col > .aligncenter{width:100%;}.kadence-column5539_ba5574-bf > .kt-inside-inner-col:before{opacity:0.3;}.kadence-column5539_ba5574-bf{position:relative;}@media all and (max-width: 1024px){.kadence-column5539_ba5574-bf > .kt-inside-inner-col{flex-direction:column;justify-content:center;}}@media all and (max-width: 767px){.kadence-column5539_ba5574-bf > .kt-inside-inner-col{flex-direction:column;justify-content:center;}}<\/style>\n<div class=\"wp-block-kadence-column kadence-column5539_ba5574-bf inner-column-1 header-post\"><div class=\"kt-inside-inner-col\">\n<p class=\"etiqueta-titol-post has-white-color has-text-color\"><a href=\"https:\/\/qsl.cat\/es\/servicios\/\" class=\"ek-link\">Servicios<\/a><\/p>\n\n<\/div><\/div>\n\n<\/div><\/div>\n\n<style>.kb-row-layout-wrap.wp-block-kadence-rowlayout.kb-row-layout-id5539_3be03f-4f{margin-bottom:110px;}.kb-row-layout-id5539_3be03f-4f > .kt-row-column-wrap{align-content:start;}:where(.kb-row-layout-id5539_3be03f-4f > .kt-row-column-wrap) > .wp-block-kadence-column{justify-content:start;}.kb-row-layout-id5539_3be03f-4f > .kt-row-column-wrap{column-gap:40px;row-gap:var(--global-kb-gap-md, 2rem);max-width:1240px;margin-left:auto;margin-right:auto;padding-top:95px;padding-bottom:0px;grid-template-columns:minmax(0, 1fr) minmax(0, 2fr);}.kb-row-layout-id5539_3be03f-4f > .kt-row-layout-overlay{opacity:0.30;}@media all and (max-width: 1024px){.kb-row-layout-id5539_3be03f-4f > .kt-row-column-wrap{grid-template-columns:minmax(0, 1fr) minmax(0, 2fr);}}@media all and (max-width: 767px){.kb-row-layout-wrap.wp-block-kadence-rowlayout.kb-row-layout-id5539_3be03f-4f{margin-bottom:55px;}.kb-row-layout-id5539_3be03f-4f > .kt-row-column-wrap{padding-top:45px;grid-template-columns:minmax(0, 1fr);}.kb-row-layout-id5539_3be03f-4f > .kt-row-column-wrap > .wp-block-kadence-column:nth-child(1 of *:not(style)){order:2;}.kb-row-layout-id5539_3be03f-4f > .kt-row-column-wrap > .wp-block-kadence-column:nth-child(2 of *:not(style)){order:1;}.kb-row-layout-id5539_3be03f-4f > .kt-row-column-wrap > .wp-block-kadence-column:nth-child(3 of *:not(style)){order:12;}.kb-row-layout-id5539_3be03f-4f > .kt-row-column-wrap > .wp-block-kadence-column:nth-child(4 of *:not(style)){order:11;}.kb-row-layout-id5539_3be03f-4f > .kt-row-column-wrap > .wp-block-kadence-column:nth-child(5 of *:not(style)){order:22;}.kb-row-layout-id5539_3be03f-4f > .kt-row-column-wrap > .wp-block-kadence-column:nth-child(6 of *:not(style)){order:21;}.kb-row-layout-id5539_3be03f-4f > .kt-row-column-wrap > .wp-block-kadence-column:nth-child(7 of *:not(style)){order:32;}.kb-row-layout-id5539_3be03f-4f > .kt-row-column-wrap > .wp-block-kadence-column:nth-child(8 of *:not(style)){order:31;}}<\/style><div class=\"kb-row-layout-wrap kb-row-layout-id5539_3be03f-4f alignfull has-white-background-color kt-row-has-bg container-subhome subhome-projectes post estatic wp-block-kadence-rowlayout\"><div class=\"kt-row-column-wrap kt-has-2-columns kt-row-layout-right-golden kt-tab-layout-inherit kt-mobile-layout-row kt-row-valign-top\">\n<style>.kadence-column5539_197363-c2 > .kt-inside-inner-col,.kadence-column5539_197363-c2 > .kt-inside-inner-col:before{border-top-left-radius:0px;border-top-right-radius:0px;border-bottom-right-radius:0px;border-bottom-left-radius:0px;}.kadence-column5539_197363-c2 > .kt-inside-inner-col{column-gap:var(--global-kb-gap-sm, 1rem);}.kadence-column5539_197363-c2 > .kt-inside-inner-col{flex-direction:column;}.kadence-column5539_197363-c2 > .kt-inside-inner-col > .aligncenter{width:100%;}.kadence-column5539_197363-c2 > .kt-inside-inner-col:before{opacity:0.3;}.kadence-column5539_197363-c2{position:relative;}@media all and (max-width: 1024px){.kadence-column5539_197363-c2 > .kt-inside-inner-col{flex-direction:column;justify-content:center;}}@media all and (max-width: 767px){.kadence-column5539_197363-c2 > .kt-inside-inner-col{flex-direction:column;justify-content:center;}}<\/style>\n<div class=\"wp-block-kadence-column kadence-column5539_197363-c2 inner-column-1 sidebar2\"><div class=\"kt-inside-inner-col\"><ul id=\"menu-submenu-serveis-es\" class=\"menu submenu\"><li id=\"menu-item-1649\" class=\"menu-item menu-item-type-post_type menu-item-object-page menu-item-1649\"><a href=\"https:\/\/qsl.cat\/es\/conceptualizacion-y-produccion-de-programas-y-actividades\/\">Conceptualizaci\u00f3n y producci\u00f3n de programas y actividades<\/a><\/li>\n<li id=\"menu-item-1650\" class=\"menu-item menu-item-type-post_type menu-item-object-page menu-item-1650\"><a href=\"https:\/\/qsl.cat\/es\/gestion-de-equipamientos\/\">Gesti\u00f3n de equipamientos<\/a><\/li>\n<li id=\"menu-item-1651\" class=\"menu-item menu-item-type-post_type menu-item-object-page menu-item-1651\"><a href=\"https:\/\/qsl.cat\/es\/gestion-tecnica-de-eventos-y-congresos\/\">Gesti\u00f3n t\u00e9cnica de eventos y congresos<\/a><\/li>\n<li id=\"menu-item-1652\" class=\"menu-item menu-item-type-post_type menu-item-object-page menu-item-1652\"><a href=\"https:\/\/qsl.cat\/es\/consultoria-asesorias\/\">Consultor\u00eda \/ Asesor\u00edas<\/a><\/li>\n<li id=\"menu-item-1653\" class=\"menu-item menu-item-type-post_type menu-item-object-page menu-item-1653\"><a href=\"https:\/\/qsl.cat\/es\/formacion\/\">Formaci\u00f3n<\/a><\/li>\n<li id=\"menu-item-1654\" class=\"menu-item menu-item-type-post_type menu-item-object-page menu-item-1654\"><a href=\"https:\/\/qsl.cat\/es\/campanas-de-comunicacion-sensibilizacion\/\">Campa\u00f1as de comunicaci\u00f3n \/ sensibilizaci\u00f3n<\/a><\/li>\n<li id=\"menu-item-5544\" class=\"menu-item menu-item-type-post_type menu-item-object-page menu-item-5544\"><a href=\"https:\/\/qsl.cat\/es\/elaboracion-de-materiales\/\">Elaboraci\u00f3n de materiales<\/a><\/li>\n<\/ul>\n<\/div><\/div>\n\n\n<style>.kadence-column5539_aeb743-aa > .kt-inside-inner-col,.kadence-column5539_aeb743-aa > .kt-inside-inner-col:before{border-top-left-radius:0px;border-top-right-radius:0px;border-bottom-right-radius:0px;border-bottom-left-radius:0px;}.kadence-column5539_aeb743-aa > .kt-inside-inner-col{column-gap:var(--global-kb-gap-sm, 1rem);}.kadence-column5539_aeb743-aa > .kt-inside-inner-col{flex-direction:column;}.kadence-column5539_aeb743-aa > .kt-inside-inner-col > .aligncenter{width:100%;}.kadence-column5539_aeb743-aa > .kt-inside-inner-col:before{opacity:0.3;}.kadence-column5539_aeb743-aa{position:relative;}@media all and (max-width: 1024px){.kadence-column5539_aeb743-aa > .kt-inside-inner-col{flex-direction:column;justify-content:center;}}@media all and (max-width: 767px){.kadence-column5539_aeb743-aa > .kt-inside-inner-col{flex-direction:column;justify-content:center;}}<\/style>\n<div class=\"wp-block-kadence-column kadence-column5539_aeb743-aa inner-column-2 post\"><div class=\"kt-inside-inner-col\"><div class=\"wp-block-image is-resized\">\n<figure class=\"aligncenter size-large\"><img decoding=\"async\" width=\"595\" height=\"354\" src=\"https:\/\/qsl.cat\/wp-content\/uploads\/2020\/11\/bg-servei-elaboracio-materials.svg\" alt=\"Elaboraci\u00f3 de materials\" class=\"wp-image-5535\"\/><\/figure>\n<\/div>\n\n\n<p>Desde QSL creamos y elaboramos materiales que tienen como objetivo ser una herramienta de soporte t\u00e9cnico para los equipos profesionales.<\/p>\n\n\n\n<p>En los \u00faltimos a\u00f1os hemos elaborado m\u00faltiples gu\u00edas y materiales, como manuales para incorporar la perspectiva intercultural e interseccional en diferentes \u00e1mbitos de trabajo (salud, juventud, participaci\u00f3n,\u2026), gu\u00edas pedag\u00f3gicas de \u00e1mbito educativo para adultos y ni\u00f1os, y gu\u00edas de recursos de asesoramiento juvenil, entre otros.<\/p>\n\n\n\n<p>Tenemos experiencia en:<\/p>\n\n\n\n<ul class=\"wp-block-list\">\n<li>Analizar los objetivos y finalidades espec\u00edficas del material a elaborar<\/li>\n\n\n\n<li>Buscar materiales ya existentes en torno a la tem\u00e1tica<\/li>\n\n\n\n<li>Dise\u00f1ar una metodolog\u00eda participativa ad hoc para conseguir la informaci\u00f3n clave y relevante, en su caso<\/li>\n\n\n\n<li>Hacer propuestas de contenidos adecuadas al contexto y las necesidades<\/li>\n\n\n\n<li>Darle un formato comunicativo estrat\u00e9gico para facilitar su uso y lectura<\/li>\n<\/ul>\n<\/div><\/div>\n\n<\/div><\/div>\n\n<style>.kb-row-layout-id5539_50aa53-33 > .kt-row-column-wrap{align-content:start;}:where(.kb-row-layout-id5539_50aa53-33 > .kt-row-column-wrap) > .wp-block-kadence-column{justify-content:start;}.kb-row-layout-id5539_50aa53-33 > .kt-row-column-wrap{column-gap:var(--global-kb-gap-md, 2rem);row-gap:var(--global-kb-gap-md, 2rem);max-width:1240px;margin-left:auto;margin-right:auto;padding-top:var(--global-kb-spacing-sm, 1.5rem);padding-bottom:var(--global-kb-spacing-sm, 1.5rem);grid-template-columns:minmax(0, 2fr) minmax(0, 1fr);}.kb-row-layout-id5539_50aa53-33 > .kt-row-layout-overlay{opacity:0.30;}@media all and (max-width: 1024px){.kb-row-layout-id5539_50aa53-33 > .kt-row-column-wrap{grid-template-columns:minmax(0, 2fr) minmax(0, 1fr);}}@media all and (max-width: 767px){.kb-row-layout-id5539_50aa53-33 > .kt-row-column-wrap{grid-template-columns:minmax(0, 1fr);}}<\/style><div class=\"kb-row-layout-wrap kb-row-layout-id5539_50aa53-33 alignfull fila-projectes-estatic wp-block-kadence-rowlayout\"><div class=\"kt-row-column-wrap kt-has-2-columns kt-row-layout-left-golden kt-tab-layout-inherit kt-mobile-layout-row kt-row-valign-top\">\n<style>.kadence-column5539_a7cbba-6e > .kt-inside-inner-col,.kadence-column5539_a7cbba-6e > .kt-inside-inner-col:before{border-top-left-radius:0px;border-top-right-radius:0px;border-bottom-right-radius:0px;border-bottom-left-radius:0px;}.kadence-column5539_a7cbba-6e > .kt-inside-inner-col{column-gap:var(--global-kb-gap-sm, 1rem);}.kadence-column5539_a7cbba-6e > .kt-inside-inner-col{flex-direction:column;}.kadence-column5539_a7cbba-6e > .kt-inside-inner-col > .aligncenter{width:100%;}.kadence-column5539_a7cbba-6e > .kt-inside-inner-col:before{opacity:0.3;}.kadence-column5539_a7cbba-6e{position:relative;}@media all and (max-width: 1024px){.kadence-column5539_a7cbba-6e > .kt-inside-inner-col{flex-direction:column;justify-content:center;}}@media all and (max-width: 767px){.kadence-column5539_a7cbba-6e > .kt-inside-inner-col{flex-direction:column;justify-content:center;}}<\/style>\n<div class=\"wp-block-kadence-column kadence-column5539_a7cbba-6e inner-column-1\"><div class=\"kt-inside-inner-col\"><style>.wp-block-kadence-advancedheading.kt-adv-heading5539_230a2c-81, .wp-block-kadence-advancedheading.kt-adv-heading5539_230a2c-81[data-kb-block=\"kb-adv-heading5539_230a2c-81\"]{font-style:normal;}.wp-block-kadence-advancedheading.kt-adv-heading5539_230a2c-81 mark.kt-highlight, .wp-block-kadence-advancedheading.kt-adv-heading5539_230a2c-81[data-kb-block=\"kb-adv-heading5539_230a2c-81\"] mark.kt-highlight{font-style:normal;color:#f76a0c;-webkit-box-decoration-break:clone;box-decoration-break:clone;padding-top:0px;padding-right:0px;padding-bottom:0px;padding-left:0px;}.wp-block-kadence-advancedheading.kt-adv-heading5539_230a2c-81 img.kb-inline-image, .wp-block-kadence-advancedheading.kt-adv-heading5539_230a2c-81[data-kb-block=\"kb-adv-heading5539_230a2c-81\"] img.kb-inline-image{width:150px;vertical-align:baseline;}<\/style>\n<h2 class=\"kt-adv-heading5539_230a2c-81 wp-block-kadence-advancedheading\" data-kb-block=\"kb-adv-heading5539_230a2c-81\">Proyectos destacados<\/h2>\n<\/div><\/div>\n\n\n<style>.kadence-column5539_2349fd-24 > .kt-inside-inner-col,.kadence-column5539_2349fd-24 > .kt-inside-inner-col:before{border-top-left-radius:0px;border-top-right-radius:0px;border-bottom-right-radius:0px;border-bottom-left-radius:0px;}.kadence-column5539_2349fd-24 > .kt-inside-inner-col{column-gap:var(--global-kb-gap-sm, 1rem);}.kadence-column5539_2349fd-24 > .kt-inside-inner-col{flex-direction:column;}.kadence-column5539_2349fd-24 > .kt-inside-inner-col > .aligncenter{width:100%;}.kadence-column5539_2349fd-24 > .kt-inside-inner-col:before{opacity:0.3;}.kadence-column5539_2349fd-24{position:relative;}@media all and (max-width: 1024px){.kadence-column5539_2349fd-24 > .kt-inside-inner-col{flex-direction:column;justify-content:center;}}@media all and (max-width: 767px){.kadence-column5539_2349fd-24 > .kt-inside-inner-col{flex-direction:column;justify-content:center;}}<\/style>\n<div class=\"wp-block-kadence-column kadence-column5539_2349fd-24 inner-column-2\"><div class=\"kt-inside-inner-col\"><style>.wp-block-kadence-advancedbtn.kb-btns5539_55d67f-ee{gap:var(--global-kb-gap-xs, 0.5rem );justify-content:flex-end;align-items:center;}.kt-btns5539_55d67f-ee .kt-button{font-weight:normal;font-style:normal;}<\/style>\n<div class=\"wp-block-kadence-advancedbtn kb-buttons-wrap kb-btns5539_55d67f-ee button-home\"><style>ul.menu .wp-block-kadence-advancedbtn .kb-btn5539_810a66-16.kb-button{width:initial;}.wp-block-kadence-advancedbtn .kb-btn5539_810a66-16.kb-button{color:#088c8e;font-size:16px;font-family:Archivo;font-weight:600;text-transform:none;border-top-left-radius:0px;border-top-right-radius:0px;border-bottom-right-radius:0px;border-bottom-left-radius:0px;border-top:3px solid #088c8e;border-right:3px solid #088c8e;border-bottom:3px solid #088c8e;border-left:3px solid #088c8e;}.wp-block-kadence-advancedbtn .kb-btn5539_810a66-16.kb-button:hover, .wp-block-kadence-advancedbtn .kb-btn5539_810a66-16.kb-button:focus{color:rgba(8,140,142,0.6);background:rgba(68, 68, 68, 0);border-top-color:rgba(8, 140, 142, 0.6);border-top-style:solid;border-right-color:rgba(8, 140, 142, 0.6);border-right-style:solid;border-bottom-color:rgba(8, 140, 142, 0.6);border-bottom-style:solid;border-left-color:rgba(8, 140, 142, 0.6);border-left-style:solid;}@media all and (max-width: 1024px){.wp-block-kadence-advancedbtn .kb-btn5539_810a66-16.kb-button{border-top:3px solid #088c8e;border-right:3px solid #088c8e;border-bottom:3px solid #088c8e;border-left:3px solid #088c8e;}}@media all and (max-width: 1024px){.wp-block-kadence-advancedbtn .kb-btn5539_810a66-16.kb-button:hover, .wp-block-kadence-advancedbtn .kb-btn5539_810a66-16.kb-button:focus{border-top-color:rgba(8, 140, 142, 0.6);border-top-style:solid;border-right-color:rgba(8, 140, 142, 0.6);border-right-style:solid;border-bottom-color:rgba(8, 140, 142, 0.6);border-bottom-style:solid;border-left-color:rgba(8, 140, 142, 0.6);border-left-style:solid;}}@media all and (max-width: 767px){.wp-block-kadence-advancedbtn .kb-btn5539_810a66-16.kb-button{border-top:3px solid #088c8e;border-right:3px solid #088c8e;border-bottom:3px solid #088c8e;border-left:3px solid #088c8e;}.wp-block-kadence-advancedbtn .kb-btn5539_810a66-16.kb-button:hover, .wp-block-kadence-advancedbtn .kb-btn5539_810a66-16.kb-button:focus{border-top-color:rgba(8, 140, 142, 0.6);border-top-style:solid;border-right-color:rgba(8, 140, 142, 0.6);border-right-style:solid;border-bottom-color:rgba(8, 140, 142, 0.6);border-bottom-style:solid;border-left-color:rgba(8, 140, 142, 0.6);border-left-style:solid;}}<\/style><a class=\"kb-button kt-button button kb-btn5539_810a66-16 kt-btn-size-standard kt-btn-width-type-auto kb-btn-global-outline  kt-btn-has-text-true kt-btn-has-svg-false  wp-block-kadence-singlebtn\" href=\"https:\/\/qsl.cat\/es\/proyectos\/\"><span class=\"kt-btn-inner-text\">TODOS LOS PROYECTOS DEL SERVICIO<\/span><\/a><\/div>\n<\/div><\/div>\n\n<\/div><\/div>\n\n\n<div style=\"margin-bottom:7%\" class=\"wp-block-atomic-blocks-ab-container fila-projectes-estatic ab-block-container\"><div class=\"ab-container-inside\"><div class=\"ab-container-content\"><\/div><\/div><\/div>\n","protected":false},"excerpt":{"rendered":"<p>Desde QSL creamos y elaboramos materiales que tienen como objetivo ser una herramienta de soporte t\u00e9cnico para los equipos profesionales.<\/p>\n","protected":false},"author":4,"featured_media":5536,"parent":0,"menu_order":0,"comment_status":"closed","ping_status":"closed","template":"","meta":{"_editorskit_title_hidden":false,"_editorskit_reading_time":0,"_editorskit_is_block_options_detached":false,"_editorskit_block_options_position":"{}","inline_featured_image":false,"_kad_blocks_custom_css":"","_kad_blocks_head_custom_js":"","_kad_blocks_body_custom_js":"","_kad_blocks_footer_custom_js":"","footnotes":""},"class_list":["post-5539","page","type-page","status-publish","has-post-thumbnail","hentry","post","with-featured-image"],"taxonomy_info":[],"featured_image_src_large":["https:\/\/qsl.cat\/wp-content\/uploads\/2020\/11\/bg-servei-elaboracio-materials.svg",905,539,true],"author_info":{"display_name":"ideadmyn","author_link":"https:\/\/qsl.cat\/es\/author\/ideadmyn\/"},"comment_info":0,"featured_image_src":"https:\/\/qsl.cat\/wp-content\/uploads\/2020\/11\/bg-servei-elaboracio-materials.svg","featured_image_src_square":"https:\/\/qsl.cat\/wp-content\/uploads\/2020\/11\/bg-servei-elaboracio-materials.svg","_links":{"self":[{"href":"https:\/\/qsl.cat\/es\/wp-json\/wp\/v2\/pages\/5539","targetHints":{"allow":["GET"]}}],"collection":[{"href":"https:\/\/qsl.cat\/es\/wp-json\/wp\/v2\/pages"}],"about":[{"href":"https:\/\/qsl.cat\/es\/wp-json\/wp\/v2\/types\/page"}],"author":[{"embeddable":true,"href":"https:\/\/qsl.cat\/es\/wp-json\/wp\/v2\/users\/4"}],"replies":[{"embeddable":true,"href":"https:\/\/qsl.cat\/es\/wp-json\/wp\/v2\/comments?post=5539"}],"version-history":[{"count":3,"href":"https:\/\/qsl.cat\/es\/wp-json\/wp\/v2\/pages\/5539\/revisions"}],"predecessor-version":[{"id":5667,"href":"https:\/\/qsl.cat\/es\/wp-json\/wp\/v2\/pages\/5539\/revisions\/5667"}],"wp:featuredmedia":[{"embeddable":true,"href":"https:\/\/qsl.cat\/es\/wp-json\/wp\/v2\/media\/5536"}],"wp:attachment":[{"href":"https:\/\/qsl.cat\/es\/wp-json\/wp\/v2\/media?parent=5539"}],"curies":[{"name":"wp","href":"https:\/\/api.w.org\/{rel}","templated":true}]}}