{"id":1514,"date":"2021-02-05T19:14:02","date_gmt":"2021-02-05T19:14:02","guid":{"rendered":"https:\/\/qsl.cat\/?page_id=1514"},"modified":"2024-06-12T21:30:54","modified_gmt":"2024-06-12T19:30:54","slug":"valores","status":"publish","type":"page","link":"https:\/\/qsl.cat\/es\/valores\/","title":{"rendered":"Valores"},"content":{"rendered":"<style>.kb-row-layout-wrap.wp-block-kadence-rowlayout.kb-row-layout-id1514_492e7b-6a{margin-bottom:0px;}.kb-row-layout-id1514_492e7b-6a > .kt-row-column-wrap{align-content:end;}:where(.kb-row-layout-id1514_492e7b-6a > .kt-row-column-wrap) > .wp-block-kadence-column{justify-content:end;}.kb-row-layout-id1514_492e7b-6a > .kt-row-column-wrap{column-gap:var(--global-kb-gap-md, 2rem);row-gap:var(--global-kb-gap-md, 2rem);max-width:1240px;margin-left:auto;margin-right:auto;padding-top:200px;padding-bottom:60px;min-height:322px;grid-template-columns:minmax(0, 1fr);}.kb-row-layout-id1514_492e7b-6a{background-color:#088c8e;}.kb-row-layout-id1514_492e7b-6a > .kt-row-layout-overlay{opacity:0.30;}@media all and (max-width: 1024px){.kb-row-layout-id1514_492e7b-6a > .kt-row-column-wrap{grid-template-columns:minmax(0, 1fr);}}@media all and (max-width: 767px){.kb-row-layout-id1514_492e7b-6a > .kt-row-column-wrap{grid-template-columns:minmax(0, 1fr);}}<\/style><div class=\"kb-row-layout-wrap kb-row-layout-id1514_492e7b-6a alignfull kt-row-has-bg header-interior estatic wp-block-kadence-rowlayout\"><div class=\"kt-row-column-wrap kt-has-1-columns kt-row-layout-equal kt-tab-layout-inherit kt-mobile-layout-row kt-row-valign-bottom\">\n<style>.kadence-column1514_735834-a6 > .kt-inside-inner-col,.kadence-column1514_735834-a6 > .kt-inside-inner-col:before{border-top-left-radius:0px;border-top-right-radius:0px;border-bottom-right-radius:0px;border-bottom-left-radius:0px;}.kadence-column1514_735834-a6 > .kt-inside-inner-col{column-gap:var(--global-kb-gap-sm, 1rem);}.kadence-column1514_735834-a6 > .kt-inside-inner-col{flex-direction:column;}.kadence-column1514_735834-a6 > .kt-inside-inner-col > .aligncenter{width:100%;}.kadence-column1514_735834-a6 > .kt-inside-inner-col:before{opacity:0.3;}.kadence-column1514_735834-a6{position:relative;}@media all and (max-width: 1024px){.kadence-column1514_735834-a6 > .kt-inside-inner-col{flex-direction:column;justify-content:center;}}@media all and (max-width: 767px){.kadence-column1514_735834-a6 > .kt-inside-inner-col{flex-direction:column;justify-content:center;}}<\/style>\n<div class=\"wp-block-kadence-column kadence-column1514_735834-a6 inner-column-1 header-post\"><div class=\"kt-inside-inner-col\">\n<p class=\"etiqueta-titol-post has-white-color has-text-color\">QSL<\/p>\n\n\n\n<\/div><\/div>\n\n<\/div><\/div>\n\n<style>.kb-row-layout-wrap.wp-block-kadence-rowlayout.kb-row-layout-id1514_b07548-61{margin-bottom:110px;}.kb-row-layout-id1514_b07548-61 > .kt-row-column-wrap{align-content:start;}:where(.kb-row-layout-id1514_b07548-61 > .kt-row-column-wrap) > .wp-block-kadence-column{justify-content:start;}.kb-row-layout-id1514_b07548-61 > .kt-row-column-wrap{column-gap:40px;row-gap:var(--global-kb-gap-md, 2rem);max-width:1240px;margin-left:auto;margin-right:auto;padding-top:95px;padding-bottom:0px;grid-template-columns:minmax(0, 1fr) minmax(0, 2fr);}.kb-row-layout-id1514_b07548-61 > .kt-row-layout-overlay{opacity:0.30;}@media all and (max-width: 1024px){.kb-row-layout-id1514_b07548-61 > .kt-row-column-wrap{grid-template-columns:minmax(0, 1fr) minmax(0, 2fr);}}@media all and (max-width: 767px){.kb-row-layout-wrap.wp-block-kadence-rowlayout.kb-row-layout-id1514_b07548-61{margin-bottom:55px;}.kb-row-layout-id1514_b07548-61 > .kt-row-column-wrap{padding-top:45px;grid-template-columns:minmax(0, 1fr);}.kb-row-layout-id1514_b07548-61 > .kt-row-column-wrap > .wp-block-kadence-column:nth-child(1 of *:not(style)){order:2;}.kb-row-layout-id1514_b07548-61 > .kt-row-column-wrap > .wp-block-kadence-column:nth-child(2 of *:not(style)){order:1;}.kb-row-layout-id1514_b07548-61 > .kt-row-column-wrap > .wp-block-kadence-column:nth-child(3 of *:not(style)){order:12;}.kb-row-layout-id1514_b07548-61 > .kt-row-column-wrap > .wp-block-kadence-column:nth-child(4 of *:not(style)){order:11;}.kb-row-layout-id1514_b07548-61 > .kt-row-column-wrap > .wp-block-kadence-column:nth-child(5 of *:not(style)){order:22;}.kb-row-layout-id1514_b07548-61 > .kt-row-column-wrap > .wp-block-kadence-column:nth-child(6 of *:not(style)){order:21;}.kb-row-layout-id1514_b07548-61 > .kt-row-column-wrap > .wp-block-kadence-column:nth-child(7 of *:not(style)){order:32;}.kb-row-layout-id1514_b07548-61 > .kt-row-column-wrap > .wp-block-kadence-column:nth-child(8 of *:not(style)){order:31;}}<\/style><div class=\"kb-row-layout-wrap kb-row-layout-id1514_b07548-61 alignfull has-white-background-color kt-row-has-bg container-subhome subhome-projectes post estatic wp-block-kadence-rowlayout\"><div class=\"kt-row-column-wrap kt-has-2-columns kt-row-layout-right-golden kt-tab-layout-inherit kt-mobile-layout-row kt-row-valign-top\">\n<style>.kadence-column1514_db69f4-29 > .kt-inside-inner-col,.kadence-column1514_db69f4-29 > .kt-inside-inner-col:before{border-top-left-radius:0px;border-top-right-radius:0px;border-bottom-right-radius:0px;border-bottom-left-radius:0px;}.kadence-column1514_db69f4-29 > .kt-inside-inner-col{column-gap:var(--global-kb-gap-sm, 1rem);}.kadence-column1514_db69f4-29 > .kt-inside-inner-col{flex-direction:column;}.kadence-column1514_db69f4-29 > .kt-inside-inner-col > .aligncenter{width:100%;}.kadence-column1514_db69f4-29 > .kt-inside-inner-col:before{opacity:0.3;}.kadence-column1514_db69f4-29{position:relative;}@media all and (max-width: 1024px){.kadence-column1514_db69f4-29 > .kt-inside-inner-col{flex-direction:column;justify-content:center;}}@media all and (max-width: 767px){.kadence-column1514_db69f4-29 > .kt-inside-inner-col{flex-direction:column;justify-content:center;}}<\/style>\n<div class=\"wp-block-kadence-column kadence-column1514_db69f4-29 inner-column-1 sidebar2\"><div class=\"kt-inside-inner-col\"><ul id=\"menu-submenu-qsl-es\" class=\"menu submenu\"><li id=\"menu-item-1661\" class=\"menu-item menu-item-type-post_type menu-item-object-page menu-item-1661\"><a href=\"https:\/\/qsl.cat\/es\/quienes-somos\/\">Qui\u00e9nes somos<\/a><\/li>\n<li id=\"menu-item-1662\" class=\"menu-item menu-item-type-post_type menu-item-object-page menu-item-1662\"><a href=\"https:\/\/qsl.cat\/es\/valores\/\">Valores<\/a><\/li>\n<li id=\"menu-item-1663\" class=\"menu-item menu-item-type-post_type menu-item-object-page menu-item-1663\"><a href=\"https:\/\/qsl.cat\/es\/contacto\/\">Contacto<\/a><\/li>\n<\/ul>\n<\/div><\/div>\n\n\n<style>.kadence-column1514_5e0263-bb > .kt-inside-inner-col,.kadence-column1514_5e0263-bb > .kt-inside-inner-col:before{border-top-left-radius:0px;border-top-right-radius:0px;border-bottom-right-radius:0px;border-bottom-left-radius:0px;}.kadence-column1514_5e0263-bb > .kt-inside-inner-col{column-gap:var(--global-kb-gap-sm, 1rem);}.kadence-column1514_5e0263-bb > .kt-inside-inner-col{flex-direction:column;}.kadence-column1514_5e0263-bb > .kt-inside-inner-col > .aligncenter{width:100%;}.kadence-column1514_5e0263-bb > .kt-inside-inner-col:before{opacity:0.3;}.kadence-column1514_5e0263-bb{position:relative;}@media all and (max-width: 1024px){.kadence-column1514_5e0263-bb > .kt-inside-inner-col{flex-direction:column;justify-content:center;}}@media all and (max-width: 767px){.kadence-column1514_5e0263-bb > .kt-inside-inner-col{flex-direction:column;justify-content:center;}}<\/style>\n<div class=\"wp-block-kadence-column kadence-column1514_5e0263-bb inner-column-2 post\"><div class=\"kt-inside-inner-col\">\n<div class=\"wp-block-atomic-blocks-ab-columns valors ab-layout-columns-2 ab-2-col-equal\"><div class=\"ab-layout-column-wrap ab-block-layout-column-gap-6 ab-is-responsive-column\">\n<div class=\"wp-block-atomic-blocks-ab-column ab-block-layout-column\"><div class=\"ab-block-layout-column-inner\">\n<figure class=\"wp-block-image size-large\"><img decoding=\"async\" width=\"600\" height=\"600\" src=\"https:\/\/qsl.cat\/wp-content\/uploads\/2020\/11\/valors-01-igualtat.png\" alt=\"Igualdad y diversidad\" class=\"wp-image-1329\" srcset=\"https:\/\/qsl.cat\/wp-content\/uploads\/2020\/11\/valors-01-igualtat.png 600w, https:\/\/qsl.cat\/wp-content\/uploads\/2020\/11\/valors-01-igualtat-300x300.png 300w, https:\/\/qsl.cat\/wp-content\/uploads\/2020\/11\/valors-01-igualtat-150x150.png 150w\" sizes=\"(max-width: 600px) 100vw, 600px\" \/><\/figure>\n\n\n<style>.wp-block-kadence-advancedheading.kt-adv-heading1514_89cf7e-b7, .wp-block-kadence-advancedheading.kt-adv-heading1514_89cf7e-b7[data-kb-block=\"kb-adv-heading1514_89cf7e-b7\"]{text-align:center;font-style:normal;}.wp-block-kadence-advancedheading.kt-adv-heading1514_89cf7e-b7 mark.kt-highlight, .wp-block-kadence-advancedheading.kt-adv-heading1514_89cf7e-b7[data-kb-block=\"kb-adv-heading1514_89cf7e-b7\"] mark.kt-highlight{font-style:normal;color:#f76a0c;-webkit-box-decoration-break:clone;box-decoration-break:clone;padding-top:0px;padding-right:0px;padding-bottom:0px;padding-left:0px;}.wp-block-kadence-advancedheading.kt-adv-heading1514_89cf7e-b7 img.kb-inline-image, .wp-block-kadence-advancedheading.kt-adv-heading1514_89cf7e-b7[data-kb-block=\"kb-adv-heading1514_89cf7e-b7\"] img.kb-inline-image{width:150px;vertical-align:baseline;}<\/style>\n<h4 class=\"kt-adv-heading1514_89cf7e-b7 wp-block-kadence-advancedheading\" data-kb-block=\"kb-adv-heading1514_89cf7e-b7\">Igualdad y diversidad<\/h4>\n\n\n\n<p class=\"has-text-align-center\">La igualdad de derechos y de oportunidades as\u00ed como la diversidad entendida como oportunidad de enriquecimiento mutuo, son valores inherentes a la definici\u00f3n de nuestros equipos y proyectos.<\/p>\n<\/div><\/div>\n\n\n\n<div class=\"wp-block-atomic-blocks-ab-column ab-block-layout-column\"><div class=\"ab-block-layout-column-inner\">\n<figure class=\"wp-block-image size-large\"><img decoding=\"async\" width=\"600\" height=\"600\" src=\"https:\/\/qsl.cat\/wp-content\/uploads\/2020\/11\/valors-02-proximitat.png\" alt=\"Proximidad y transparencia\" class=\"wp-image-1330\" srcset=\"https:\/\/qsl.cat\/wp-content\/uploads\/2020\/11\/valors-02-proximitat.png 600w, https:\/\/qsl.cat\/wp-content\/uploads\/2020\/11\/valors-02-proximitat-300x300.png 300w, https:\/\/qsl.cat\/wp-content\/uploads\/2020\/11\/valors-02-proximitat-150x150.png 150w\" sizes=\"(max-width: 600px) 100vw, 600px\" \/><\/figure>\n\n\n<style>.wp-block-kadence-advancedheading.kt-adv-heading1514_28b9d5-16, .wp-block-kadence-advancedheading.kt-adv-heading1514_28b9d5-16[data-kb-block=\"kb-adv-heading1514_28b9d5-16\"]{text-align:center;font-style:normal;}.wp-block-kadence-advancedheading.kt-adv-heading1514_28b9d5-16 mark.kt-highlight, .wp-block-kadence-advancedheading.kt-adv-heading1514_28b9d5-16[data-kb-block=\"kb-adv-heading1514_28b9d5-16\"] mark.kt-highlight{font-style:normal;color:#f76a0c;-webkit-box-decoration-break:clone;box-decoration-break:clone;padding-top:0px;padding-right:0px;padding-bottom:0px;padding-left:0px;}.wp-block-kadence-advancedheading.kt-adv-heading1514_28b9d5-16 img.kb-inline-image, .wp-block-kadence-advancedheading.kt-adv-heading1514_28b9d5-16[data-kb-block=\"kb-adv-heading1514_28b9d5-16\"] img.kb-inline-image{width:150px;vertical-align:baseline;}<\/style>\n<h4 class=\"kt-adv-heading1514_28b9d5-16 wp-block-kadence-advancedheading\" data-kb-block=\"kb-adv-heading1514_28b9d5-16\">Proximidad y transparencia<\/h4>\n\n\n\n<p class=\"has-text-align-center\">Nos caracteriza la proximidad en el trato y la transparencia en los procesos.<\/p>\n<\/div><\/div>\n<\/div><\/div>\n\n\n\n<div class=\"wp-block-atomic-blocks-ab-columns valors ab-layout-columns-2 ab-2-col-equal\"><div class=\"ab-layout-column-wrap ab-block-layout-column-gap-6 ab-is-responsive-column\">\n<div class=\"wp-block-atomic-blocks-ab-column ab-block-layout-column\"><div class=\"ab-block-layout-column-inner\">\n<figure class=\"wp-block-image size-large\"><img decoding=\"async\" width=\"600\" height=\"600\" src=\"https:\/\/qsl.cat\/wp-content\/uploads\/2020\/11\/valors-03-qualitat.png\" alt=\"Calidad\" class=\"wp-image-1331\" srcset=\"https:\/\/qsl.cat\/wp-content\/uploads\/2020\/11\/valors-03-qualitat.png 600w, https:\/\/qsl.cat\/wp-content\/uploads\/2020\/11\/valors-03-qualitat-300x300.png 300w, https:\/\/qsl.cat\/wp-content\/uploads\/2020\/11\/valors-03-qualitat-150x150.png 150w\" sizes=\"(max-width: 600px) 100vw, 600px\" \/><\/figure>\n\n\n<style>.wp-block-kadence-advancedheading.kt-adv-heading1514_41c170-0d, .wp-block-kadence-advancedheading.kt-adv-heading1514_41c170-0d[data-kb-block=\"kb-adv-heading1514_41c170-0d\"]{text-align:center;font-style:normal;}.wp-block-kadence-advancedheading.kt-adv-heading1514_41c170-0d mark.kt-highlight, .wp-block-kadence-advancedheading.kt-adv-heading1514_41c170-0d[data-kb-block=\"kb-adv-heading1514_41c170-0d\"] mark.kt-highlight{font-style:normal;color:#f76a0c;-webkit-box-decoration-break:clone;box-decoration-break:clone;padding-top:0px;padding-right:0px;padding-bottom:0px;padding-left:0px;}.wp-block-kadence-advancedheading.kt-adv-heading1514_41c170-0d img.kb-inline-image, .wp-block-kadence-advancedheading.kt-adv-heading1514_41c170-0d[data-kb-block=\"kb-adv-heading1514_41c170-0d\"] img.kb-inline-image{width:150px;vertical-align:baseline;}<\/style>\n<h4 class=\"kt-adv-heading1514_41c170-0d wp-block-kadence-advancedheading\" data-kb-block=\"kb-adv-heading1514_41c170-0d\">Calidad<\/h4>\n\n\n\n<p class=\"has-text-align-center\">La calidad es el objetivo principal de todos nuestros servicios, realizando el Plan de calidad y los indicadores que determinar\u00e1n qu\u00e9 tareas de verificaci\u00f3n y validaci\u00f3n se realizar\u00e1n durante su desarrollo.<\/p>\n<\/div><\/div>\n\n\n\n<div class=\"wp-block-atomic-blocks-ab-column ab-block-layout-column\"><div class=\"ab-block-layout-column-inner\">\n<figure class=\"wp-block-image size-large\"><img decoding=\"async\" width=\"602\" height=\"600\" src=\"https:\/\/qsl.cat\/wp-content\/uploads\/2020\/11\/valors-04-professionalitat.png\" alt=\"Profesionalidad\" class=\"wp-image-1332\" srcset=\"https:\/\/qsl.cat\/wp-content\/uploads\/2020\/11\/valors-04-professionalitat.png 602w, https:\/\/qsl.cat\/wp-content\/uploads\/2020\/11\/valors-04-professionalitat-300x299.png 300w, https:\/\/qsl.cat\/wp-content\/uploads\/2020\/11\/valors-04-professionalitat-150x150.png 150w\" sizes=\"(max-width: 602px) 100vw, 602px\" \/><\/figure>\n\n\n<style>.wp-block-kadence-advancedheading.kt-adv-heading1514_08e1f1-53, .wp-block-kadence-advancedheading.kt-adv-heading1514_08e1f1-53[data-kb-block=\"kb-adv-heading1514_08e1f1-53\"]{text-align:center;font-style:normal;}.wp-block-kadence-advancedheading.kt-adv-heading1514_08e1f1-53 mark.kt-highlight, .wp-block-kadence-advancedheading.kt-adv-heading1514_08e1f1-53[data-kb-block=\"kb-adv-heading1514_08e1f1-53\"] mark.kt-highlight{font-style:normal;color:#f76a0c;-webkit-box-decoration-break:clone;box-decoration-break:clone;padding-top:0px;padding-right:0px;padding-bottom:0px;padding-left:0px;}.wp-block-kadence-advancedheading.kt-adv-heading1514_08e1f1-53 img.kb-inline-image, .wp-block-kadence-advancedheading.kt-adv-heading1514_08e1f1-53[data-kb-block=\"kb-adv-heading1514_08e1f1-53\"] img.kb-inline-image{width:150px;vertical-align:baseline;}<\/style>\n<h4 class=\"kt-adv-heading1514_08e1f1-53 wp-block-kadence-advancedheading\" data-kb-block=\"kb-adv-heading1514_08e1f1-53\">Profesionalidad<\/h4>\n\n\n\n<p class=\"has-text-align-center\">Dise\u00f1amos equipos, seleccionados y con formaci\u00f3n espec\u00edfica, constituidos por profesionales que trabajan de forma independiente y al mismo tiempo generando redes de trabajo para la consecuci\u00f3n de objetivos comunes.<\/p>\n<\/div><\/div>\n<\/div><\/div>\n\n\n\n<div class=\"wp-block-atomic-blocks-ab-columns valors ab-layout-columns-2 ab-2-col-equal\"><div class=\"ab-layout-column-wrap ab-block-layout-column-gap-6 ab-is-responsive-column\">\n<div class=\"wp-block-atomic-blocks-ab-column ab-block-layout-column\"><div class=\"ab-block-layout-column-inner\">\n<figure class=\"wp-block-image size-large\"><img decoding=\"async\" width=\"600\" height=\"600\" src=\"https:\/\/qsl.cat\/wp-content\/uploads\/2020\/11\/valors-05-dialeg.png\" alt=\"Di\u00e1logo y escucha activa\" class=\"wp-image-1333\" srcset=\"https:\/\/qsl.cat\/wp-content\/uploads\/2020\/11\/valors-05-dialeg.png 600w, https:\/\/qsl.cat\/wp-content\/uploads\/2020\/11\/valors-05-dialeg-300x300.png 300w, https:\/\/qsl.cat\/wp-content\/uploads\/2020\/11\/valors-05-dialeg-150x150.png 150w\" sizes=\"(max-width: 600px) 100vw, 600px\" \/><\/figure>\n\n\n<style>.wp-block-kadence-advancedheading.kt-adv-heading1514_474754-0a, .wp-block-kadence-advancedheading.kt-adv-heading1514_474754-0a[data-kb-block=\"kb-adv-heading1514_474754-0a\"]{text-align:center;font-style:normal;}.wp-block-kadence-advancedheading.kt-adv-heading1514_474754-0a mark.kt-highlight, .wp-block-kadence-advancedheading.kt-adv-heading1514_474754-0a[data-kb-block=\"kb-adv-heading1514_474754-0a\"] mark.kt-highlight{font-style:normal;color:#f76a0c;-webkit-box-decoration-break:clone;box-decoration-break:clone;padding-top:0px;padding-right:0px;padding-bottom:0px;padding-left:0px;}.wp-block-kadence-advancedheading.kt-adv-heading1514_474754-0a img.kb-inline-image, .wp-block-kadence-advancedheading.kt-adv-heading1514_474754-0a[data-kb-block=\"kb-adv-heading1514_474754-0a\"] img.kb-inline-image{width:150px;vertical-align:baseline;}<\/style>\n<h4 class=\"kt-adv-heading1514_474754-0a wp-block-kadence-advancedheading\" data-kb-block=\"kb-adv-heading1514_474754-0a\">Di\u00e1logo y escucha activa<\/h4>\n\n\n\n<p class=\"has-text-align-center\">Fomentamos la proximidad que se establece entre las personas trabajadoras y tambi\u00e9n con los clientes, potenciando las herramientas de comunicaci\u00f3n que propician el di\u00e1logo. Trabajamos desde la escucha activa que permite entender los mensajes, las demandas y responder en consecuencia.<\/p>\n<\/div><\/div>\n\n\n\n<div class=\"wp-block-atomic-blocks-ab-column ab-block-layout-column\"><div class=\"ab-block-layout-column-inner\">\n<figure class=\"wp-block-image size-large\"><img decoding=\"async\" width=\"600\" height=\"602\" src=\"https:\/\/qsl.cat\/wp-content\/uploads\/2020\/11\/valors-06-creativitat.png\" alt=\"Creatividad\" class=\"wp-image-1334\" srcset=\"https:\/\/qsl.cat\/wp-content\/uploads\/2020\/11\/valors-06-creativitat.png 600w, https:\/\/qsl.cat\/wp-content\/uploads\/2020\/11\/valors-06-creativitat-300x301.png 300w, https:\/\/qsl.cat\/wp-content\/uploads\/2020\/11\/valors-06-creativitat-150x150.png 150w\" sizes=\"(max-width: 600px) 100vw, 600px\" \/><\/figure>\n\n\n<style>.wp-block-kadence-advancedheading.kt-adv-heading1514_1152dd-b8, .wp-block-kadence-advancedheading.kt-adv-heading1514_1152dd-b8[data-kb-block=\"kb-adv-heading1514_1152dd-b8\"]{text-align:center;font-style:normal;}.wp-block-kadence-advancedheading.kt-adv-heading1514_1152dd-b8 mark.kt-highlight, .wp-block-kadence-advancedheading.kt-adv-heading1514_1152dd-b8[data-kb-block=\"kb-adv-heading1514_1152dd-b8\"] mark.kt-highlight{font-style:normal;color:#f76a0c;-webkit-box-decoration-break:clone;box-decoration-break:clone;padding-top:0px;padding-right:0px;padding-bottom:0px;padding-left:0px;}.wp-block-kadence-advancedheading.kt-adv-heading1514_1152dd-b8 img.kb-inline-image, .wp-block-kadence-advancedheading.kt-adv-heading1514_1152dd-b8[data-kb-block=\"kb-adv-heading1514_1152dd-b8\"] img.kb-inline-image{width:150px;vertical-align:baseline;}<\/style>\n<h4 class=\"kt-adv-heading1514_1152dd-b8 wp-block-kadence-advancedheading\" data-kb-block=\"kb-adv-heading1514_1152dd-b8\">Creatividad<\/h4>\n\n\n\n<p class=\"has-text-align-center\">Potenciamos la creatividad como valor en todos los procesos de Trabajo.<\/p>\n<\/div><\/div>\n<\/div><\/div>\n\n\n\n<div class=\"wp-block-atomic-blocks-ab-columns valors ab-layout-columns-2 ab-2-col-equal\"><div class=\"ab-layout-column-wrap ab-block-layout-column-gap-6 ab-is-responsive-column\">\n<div class=\"wp-block-atomic-blocks-ab-column ab-block-layout-column\"><div class=\"ab-block-layout-column-inner\">\n<figure class=\"wp-block-image size-large\"><img decoding=\"async\" width=\"600\" height=\"600\" src=\"https:\/\/qsl.cat\/wp-content\/uploads\/2020\/11\/valors-07-innovacio.png\" alt=\"Innovaci\u00f3n\" class=\"wp-image-1335\" srcset=\"https:\/\/qsl.cat\/wp-content\/uploads\/2020\/11\/valors-07-innovacio.png 600w, https:\/\/qsl.cat\/wp-content\/uploads\/2020\/11\/valors-07-innovacio-300x300.png 300w, https:\/\/qsl.cat\/wp-content\/uploads\/2020\/11\/valors-07-innovacio-150x150.png 150w\" sizes=\"(max-width: 600px) 100vw, 600px\" \/><\/figure>\n\n\n<style>.wp-block-kadence-advancedheading.kt-adv-heading1514_e70d4b-98, .wp-block-kadence-advancedheading.kt-adv-heading1514_e70d4b-98[data-kb-block=\"kb-adv-heading1514_e70d4b-98\"]{text-align:center;font-style:normal;}.wp-block-kadence-advancedheading.kt-adv-heading1514_e70d4b-98 mark.kt-highlight, .wp-block-kadence-advancedheading.kt-adv-heading1514_e70d4b-98[data-kb-block=\"kb-adv-heading1514_e70d4b-98\"] mark.kt-highlight{font-style:normal;color:#f76a0c;-webkit-box-decoration-break:clone;box-decoration-break:clone;padding-top:0px;padding-right:0px;padding-bottom:0px;padding-left:0px;}.wp-block-kadence-advancedheading.kt-adv-heading1514_e70d4b-98 img.kb-inline-image, .wp-block-kadence-advancedheading.kt-adv-heading1514_e70d4b-98[data-kb-block=\"kb-adv-heading1514_e70d4b-98\"] img.kb-inline-image{width:150px;vertical-align:baseline;}<\/style>\n<h4 class=\"kt-adv-heading1514_e70d4b-98 wp-block-kadence-advancedheading\" data-kb-block=\"kb-adv-heading1514_e70d4b-98\">Innovaci\u00f3n<\/h4>\n\n\n\n<p class=\"has-text-align-center\">Trabajamos por la innovaci\u00f3n de procesos y sistemas de trabajo.<\/p>\n<\/div><\/div>\n\n\n\n<div class=\"wp-block-atomic-blocks-ab-column ab-block-layout-column\"><div class=\"ab-block-layout-column-inner\">\n<p><\/p>\n<\/div><\/div>\n<\/div><\/div>\n<\/div><\/div>\n\n<\/div><\/div>","protected":false},"excerpt":{"rendered":"<p>QSL<\/p>\n","protected":false},"author":4,"featured_media":1855,"parent":0,"menu_order":0,"comment_status":"closed","ping_status":"closed","template":"templates\/template-builder.php","meta":{"_editorskit_title_hidden":false,"_editorskit_reading_time":1,"_editorskit_is_block_options_detached":false,"_editorskit_block_options_position":"{}","inline_featured_image":false,"_kad_blocks_custom_css":"","_kad_blocks_head_custom_js":"","_kad_blocks_body_custom_js":"","_kad_blocks_footer_custom_js":"","footnotes":""},"class_list":["post-1514","page","type-page","status-publish","has-post-thumbnail","hentry","post","with-featured-image"],"taxonomy_info":[],"featured_image_src_large":["https:\/\/qsl.cat\/wp-content\/uploads\/2020\/11\/social-math-rank-1024x538.jpg",905,475,true],"author_info":{"display_name":"ideadmyn","author_link":"https:\/\/qsl.cat\/es\/author\/ideadmyn\/"},"comment_info":0,"featured_image_src":"https:\/\/qsl.cat\/wp-content\/uploads\/2020\/11\/social-math-rank-600x400.jpg","featured_image_src_square":"https:\/\/qsl.cat\/wp-content\/uploads\/2020\/11\/social-math-rank-600x600.jpg","_links":{"self":[{"href":"https:\/\/qsl.cat\/es\/wp-json\/wp\/v2\/pages\/1514","targetHints":{"allow":["GET"]}}],"collection":[{"href":"https:\/\/qsl.cat\/es\/wp-json\/wp\/v2\/pages"}],"about":[{"href":"https:\/\/qsl.cat\/es\/wp-json\/wp\/v2\/types\/page"}],"author":[{"embeddable":true,"href":"https:\/\/qsl.cat\/es\/wp-json\/wp\/v2\/users\/4"}],"replies":[{"embeddable":true,"href":"https:\/\/qsl.cat\/es\/wp-json\/wp\/v2\/comments?post=1514"}],"version-history":[{"count":10,"href":"https:\/\/qsl.cat\/es\/wp-json\/wp\/v2\/pages\/1514\/revisions"}],"predecessor-version":[{"id":5634,"href":"https:\/\/qsl.cat\/es\/wp-json\/wp\/v2\/pages\/1514\/revisions\/5634"}],"wp:featuredmedia":[{"embeddable":true,"href":"https:\/\/qsl.cat\/es\/wp-json\/wp\/v2\/media\/1855"}],"wp:attachment":[{"href":"https:\/\/qsl.cat\/es\/wp-json\/wp\/v2\/media?parent=1514"}],"curies":[{"name":"wp","href":"https:\/\/api.w.org\/{rel}","templated":true}]}}