{"id":1504,"date":"2021-02-05T19:02:41","date_gmt":"2021-02-05T19:02:41","guid":{"rendered":"https:\/\/qsl.cat\/?page_id=1504"},"modified":"2021-03-11T20:41:32","modified_gmt":"2021-03-11T20:41:32","slug":"sabias-que","status":"publish","type":"page","link":"https:\/\/qsl.cat\/es\/sabias-que\/","title":{"rendered":"\u00bfSab\u00edas que&#8230;?"},"content":{"rendered":"\n<div class=\"wp-block-atomic-blocks-ab-container alignfull container-text-tooltip ab-block-container\"><div class=\"ab-container-inside\"><div class=\"ab-container-content\">\n<p class=\"has-white-color has-text-color\" style=\"font-size:30px\">Una QSL es una carta que env\u00edan los receptores de una se\u00f1al de radio para informar que se recibe se\u00f1al y para agradecer el establecimiento de comunicaci\u00f3n.<\/p>\n\n\n\n<p class=\"has-white-color has-text-color\" style=\"font-size:30px\">Llamarnos QSL no es pues casual. Es un concepto buscado que promueve la voluntad comunicativa de QSL en su relaci\u00f3n con los clientes y en su funcionamiento interno.<\/p>\n<\/div><\/div><\/div>\n\n\n\n<div class=\"wp-block-getwid-media-text-slider alignfull slider-tooltip wp-block-getwid-media-text-slider--current-slide-1 has-arrows-none has-dots-none\" data-labels=\"[&quot;Slide 1&quot;,&quot;Slide 2&quot;,&quot;Slide 3&quot;,&quot;Slide 4&quot;,&quot;Slide 5&quot;,&quot;Slide 6&quot;,&quot;Slide 7&quot;]\" data-animation=\"fadeIn\" data-duration=\"1500ms\" data-delay=\"0ms\"><div class=\"wp-block-getwid-media-text-slider__slides-wrapper\"><div class=\"wp-block-getwid-media-text-slider__content\" data-slide-autoplay=\"true\" data-slide-pause-on-hover=\"false\" data-slide-autoplay-speed=\"5000\" data-slide-speed=\"1000\" data-infinite=\"true\">\n<div style=\"min-height:789px\" class=\"wp-block-getwid-media-text-slider-slide wp-block-getwid-media-text-slider-slide__content-wrapper slide-1\"><div style=\"min-height:789px\" class=\"wp-block-getwid-media-text-slider-slide__content\">\n<div class=\"wp-block-getwid-media-text-slider-slide-content\"><figure class=\"wp-block-getwid-media-text-slider-slide-content__media\"><img decoding=\"async\" width=\"1280\" height=\"756\" src=\"https:\/\/qsl.cat\/wp-content\/uploads\/2020\/11\/qsl-card-1.jpg\" alt=\"\" class=\"wp-block-getwid-media-text-slider-slide-content__image wp-image-1320\" srcset=\"https:\/\/qsl.cat\/wp-content\/uploads\/2020\/11\/qsl-card-1.jpg 1280w, https:\/\/qsl.cat\/wp-content\/uploads\/2020\/11\/qsl-card-1-300x177.jpg 300w, https:\/\/qsl.cat\/wp-content\/uploads\/2020\/11\/qsl-card-1-1024x605.jpg 1024w, https:\/\/qsl.cat\/wp-content\/uploads\/2020\/11\/qsl-card-1-768x454.jpg 768w, https:\/\/qsl.cat\/wp-content\/uploads\/2020\/11\/qsl-card-1-1200x709.jpg 1200w\" sizes=\"(max-width: 1280px) 100vw, 1280px\" \/><div class=\"wp-block-getwid-media-text-slider-slide-content__media-overlay\" style=\"opacity:0.3\"><\/div><\/figure><div class=\"wp-block-getwid-media-text-slider-slide-content__content\"><div class=\"wp-block-getwid-media-text-slider-slide-content__content-wrapper\">\n<h2 class=\"wp-block-heading\"><\/h2>\n\n\n\n<p><\/p>\n<\/div><\/div><\/div>\n<\/div><\/div>\n\n\n\n<div style=\"min-height:789px\" class=\"wp-block-getwid-media-text-slider-slide wp-block-getwid-media-text-slider-slide__content-wrapper slide-2\"><div style=\"min-height:789px\" class=\"wp-block-getwid-media-text-slider-slide__content\">\n<div class=\"wp-block-getwid-media-text-slider-slide-content\"><figure class=\"wp-block-getwid-media-text-slider-slide-content__media\"><img decoding=\"async\" width=\"1280\" height=\"789\" src=\"https:\/\/qsl.cat\/wp-content\/uploads\/2020\/11\/qsl-card-2.jpg\" alt=\"\" class=\"wp-block-getwid-media-text-slider-slide-content__image wp-image-1327\" srcset=\"https:\/\/qsl.cat\/wp-content\/uploads\/2020\/11\/qsl-card-2.jpg 1280w, https:\/\/qsl.cat\/wp-content\/uploads\/2020\/11\/qsl-card-2-300x185.jpg 300w, https:\/\/qsl.cat\/wp-content\/uploads\/2020\/11\/qsl-card-2-1024x631.jpg 1024w, https:\/\/qsl.cat\/wp-content\/uploads\/2020\/11\/qsl-card-2-768x473.jpg 768w, https:\/\/qsl.cat\/wp-content\/uploads\/2020\/11\/qsl-card-2-1200x740.jpg 1200w\" sizes=\"(max-width: 1280px) 100vw, 1280px\" \/><div class=\"wp-block-getwid-media-text-slider-slide-content__media-overlay\" style=\"opacity:0.3\"><\/div><\/figure><div class=\"wp-block-getwid-media-text-slider-slide-content__content\"><div class=\"wp-block-getwid-media-text-slider-slide-content__content-wrapper\">\n<h2 class=\"wp-block-heading\"><\/h2>\n\n\n\n<p><\/p>\n<\/div><\/div><\/div>\n<\/div><\/div>\n\n\n\n<div style=\"min-height:789px\" class=\"wp-block-getwid-media-text-slider-slide wp-block-getwid-media-text-slider-slide__content-wrapper slide-3\"><div style=\"min-height:789px\" class=\"wp-block-getwid-media-text-slider-slide__content\">\n<div class=\"wp-block-getwid-media-text-slider-slide-content\"><figure class=\"wp-block-getwid-media-text-slider-slide-content__media\"><img decoding=\"async\" width=\"1280\" height=\"774\" src=\"https:\/\/qsl.cat\/wp-content\/uploads\/2020\/11\/qsl-card-3.jpg\" alt=\"\" class=\"wp-block-getwid-media-text-slider-slide-content__image wp-image-1326\" srcset=\"https:\/\/qsl.cat\/wp-content\/uploads\/2020\/11\/qsl-card-3.jpg 1280w, https:\/\/qsl.cat\/wp-content\/uploads\/2020\/11\/qsl-card-3-300x181.jpg 300w, https:\/\/qsl.cat\/wp-content\/uploads\/2020\/11\/qsl-card-3-1024x619.jpg 1024w, https:\/\/qsl.cat\/wp-content\/uploads\/2020\/11\/qsl-card-3-768x464.jpg 768w, https:\/\/qsl.cat\/wp-content\/uploads\/2020\/11\/qsl-card-3-1200x726.jpg 1200w\" sizes=\"(max-width: 1280px) 100vw, 1280px\" \/><div class=\"wp-block-getwid-media-text-slider-slide-content__media-overlay\" style=\"opacity:0.3\"><\/div><\/figure><div class=\"wp-block-getwid-media-text-slider-slide-content__content\"><div class=\"wp-block-getwid-media-text-slider-slide-content__content-wrapper\">\n<h2 class=\"wp-block-heading\"><\/h2>\n\n\n\n<p><\/p>\n<\/div><\/div><\/div>\n<\/div><\/div>\n\n\n\n<div style=\"min-height:789px\" class=\"wp-block-getwid-media-text-slider-slide wp-block-getwid-media-text-slider-slide__content-wrapper slide-4\"><div style=\"min-height:789px\" class=\"wp-block-getwid-media-text-slider-slide__content\">\n<div class=\"wp-block-getwid-media-text-slider-slide-content\"><figure class=\"wp-block-getwid-media-text-slider-slide-content__media\"><img decoding=\"async\" width=\"1280\" height=\"801\" src=\"https:\/\/qsl.cat\/wp-content\/uploads\/2020\/11\/qsl-card-8.jpg\" alt=\"\" class=\"wp-block-getwid-media-text-slider-slide-content__image wp-image-1321\" srcset=\"https:\/\/qsl.cat\/wp-content\/uploads\/2020\/11\/qsl-card-8.jpg 1280w, https:\/\/qsl.cat\/wp-content\/uploads\/2020\/11\/qsl-card-8-300x188.jpg 300w, https:\/\/qsl.cat\/wp-content\/uploads\/2020\/11\/qsl-card-8-1024x641.jpg 1024w, https:\/\/qsl.cat\/wp-content\/uploads\/2020\/11\/qsl-card-8-768x481.jpg 768w, https:\/\/qsl.cat\/wp-content\/uploads\/2020\/11\/qsl-card-8-1200x751.jpg 1200w\" sizes=\"(max-width: 1280px) 100vw, 1280px\" \/><div class=\"wp-block-getwid-media-text-slider-slide-content__media-overlay\" style=\"opacity:0.3\"><\/div><\/figure><div class=\"wp-block-getwid-media-text-slider-slide-content__content\"><div class=\"wp-block-getwid-media-text-slider-slide-content__content-wrapper\">\n<h2 class=\"wp-block-heading\"><\/h2>\n\n\n\n<p><\/p>\n<\/div><\/div><\/div>\n<\/div><\/div>\n\n\n\n<div style=\"min-height:789px\" class=\"wp-block-getwid-media-text-slider-slide wp-block-getwid-media-text-slider-slide__content-wrapper slide-5\"><div style=\"min-height:789px\" class=\"wp-block-getwid-media-text-slider-slide__content\">\n<div class=\"wp-block-getwid-media-text-slider-slide-content\"><figure class=\"wp-block-getwid-media-text-slider-slide-content__media\"><img decoding=\"async\" width=\"1280\" height=\"773\" src=\"https:\/\/qsl.cat\/wp-content\/uploads\/2020\/11\/qsl-card-7.jpg\" alt=\"\" class=\"wp-block-getwid-media-text-slider-slide-content__image wp-image-1322\" srcset=\"https:\/\/qsl.cat\/wp-content\/uploads\/2020\/11\/qsl-card-7.jpg 1280w, https:\/\/qsl.cat\/wp-content\/uploads\/2020\/11\/qsl-card-7-300x181.jpg 300w, https:\/\/qsl.cat\/wp-content\/uploads\/2020\/11\/qsl-card-7-1024x618.jpg 1024w, https:\/\/qsl.cat\/wp-content\/uploads\/2020\/11\/qsl-card-7-768x464.jpg 768w, https:\/\/qsl.cat\/wp-content\/uploads\/2020\/11\/qsl-card-7-1200x725.jpg 1200w\" sizes=\"(max-width: 1280px) 100vw, 1280px\" \/><div class=\"wp-block-getwid-media-text-slider-slide-content__media-overlay\" style=\"opacity:0.3\"><\/div><\/figure><div class=\"wp-block-getwid-media-text-slider-slide-content__content\"><div class=\"wp-block-getwid-media-text-slider-slide-content__content-wrapper\">\n<h2 class=\"wp-block-heading\"><\/h2>\n\n\n\n<p><\/p>\n<\/div><\/div><\/div>\n<\/div><\/div>\n\n\n\n<div style=\"min-height:789px\" class=\"wp-block-getwid-media-text-slider-slide wp-block-getwid-media-text-slider-slide__content-wrapper slide-6\"><div style=\"min-height:789px\" class=\"wp-block-getwid-media-text-slider-slide__content\">\n<div class=\"wp-block-getwid-media-text-slider-slide-content\"><figure class=\"wp-block-getwid-media-text-slider-slide-content__media\"><img decoding=\"async\" width=\"1280\" height=\"784\" src=\"https:\/\/qsl.cat\/wp-content\/uploads\/2020\/11\/qsl-card-6.jpg\" alt=\"\" class=\"wp-block-getwid-media-text-slider-slide-content__image wp-image-1323\" srcset=\"https:\/\/qsl.cat\/wp-content\/uploads\/2020\/11\/qsl-card-6.jpg 1280w, https:\/\/qsl.cat\/wp-content\/uploads\/2020\/11\/qsl-card-6-300x184.jpg 300w, https:\/\/qsl.cat\/wp-content\/uploads\/2020\/11\/qsl-card-6-1024x627.jpg 1024w, https:\/\/qsl.cat\/wp-content\/uploads\/2020\/11\/qsl-card-6-768x470.jpg 768w, https:\/\/qsl.cat\/wp-content\/uploads\/2020\/11\/qsl-card-6-1200x735.jpg 1200w\" sizes=\"(max-width: 1280px) 100vw, 1280px\" \/><div class=\"wp-block-getwid-media-text-slider-slide-content__media-overlay\" style=\"opacity:0.3\"><\/div><\/figure><div class=\"wp-block-getwid-media-text-slider-slide-content__content\"><div class=\"wp-block-getwid-media-text-slider-slide-content__content-wrapper\">\n<h2 class=\"wp-block-heading\"><\/h2>\n\n\n\n<p><\/p>\n<\/div><\/div><\/div>\n<\/div><\/div>\n\n\n\n<div style=\"min-height:789px\" class=\"wp-block-getwid-media-text-slider-slide wp-block-getwid-media-text-slider-slide__content-wrapper slide-7\"><div style=\"min-height:789px\" class=\"wp-block-getwid-media-text-slider-slide__content\">\n<div class=\"wp-block-getwid-media-text-slider-slide-content\"><figure class=\"wp-block-getwid-media-text-slider-slide-content__media\"><img decoding=\"async\" width=\"1280\" height=\"808\" src=\"https:\/\/qsl.cat\/wp-content\/uploads\/2020\/11\/qsl-card-5.jpg\" alt=\"\" class=\"wp-block-getwid-media-text-slider-slide-content__image wp-image-1324\" srcset=\"https:\/\/qsl.cat\/wp-content\/uploads\/2020\/11\/qsl-card-5.jpg 1280w, https:\/\/qsl.cat\/wp-content\/uploads\/2020\/11\/qsl-card-5-300x189.jpg 300w, https:\/\/qsl.cat\/wp-content\/uploads\/2020\/11\/qsl-card-5-1024x646.jpg 1024w, https:\/\/qsl.cat\/wp-content\/uploads\/2020\/11\/qsl-card-5-768x485.jpg 768w, https:\/\/qsl.cat\/wp-content\/uploads\/2020\/11\/qsl-card-5-1200x758.jpg 1200w\" sizes=\"(max-width: 1280px) 100vw, 1280px\" \/><div class=\"wp-block-getwid-media-text-slider-slide-content__media-overlay\" style=\"opacity:0.3\"><\/div><\/figure><div class=\"wp-block-getwid-media-text-slider-slide-content__content\"><div class=\"wp-block-getwid-media-text-slider-slide-content__content-wrapper\">\n<h2 class=\"wp-block-heading\"><\/h2>\n\n\n\n<p><\/p>\n<\/div><\/div><\/div>\n<\/div><\/div>\n<\/div><\/div><\/div>\n","protected":false},"excerpt":{"rendered":"","protected":false},"author":4,"featured_media":0,"parent":0,"menu_order":0,"comment_status":"closed","ping_status":"closed","template":"","meta":{"_editorskit_title_hidden":false,"_editorskit_reading_time":1,"_editorskit_is_block_options_detached":false,"_editorskit_block_options_position":"{}","inline_featured_image":false,"_kad_blocks_custom_css":"","_kad_blocks_head_custom_js":"","_kad_blocks_body_custom_js":"","_kad_blocks_footer_custom_js":"","footnotes":""},"class_list":["post-1504","page","type-page","status-publish","hentry","post","without-featured-image"],"taxonomy_info":[],"featured_image_src_large":false,"author_info":{"display_name":"ideadmyn","author_link":"https:\/\/qsl.cat\/es\/author\/ideadmyn\/"},"comment_info":0,"featured_image_src":null,"featured_image_src_square":null,"_links":{"self":[{"href":"https:\/\/qsl.cat\/es\/wp-json\/wp\/v2\/pages\/1504","targetHints":{"allow":["GET"]}}],"collection":[{"href":"https:\/\/qsl.cat\/es\/wp-json\/wp\/v2\/pages"}],"about":[{"href":"https:\/\/qsl.cat\/es\/wp-json\/wp\/v2\/types\/page"}],"author":[{"embeddable":true,"href":"https:\/\/qsl.cat\/es\/wp-json\/wp\/v2\/users\/4"}],"replies":[{"embeddable":true,"href":"https:\/\/qsl.cat\/es\/wp-json\/wp\/v2\/comments?post=1504"}],"version-history":[{"count":7,"href":"https:\/\/qsl.cat\/es\/wp-json\/wp\/v2\/pages\/1504\/revisions"}],"predecessor-version":[{"id":1879,"href":"https:\/\/qsl.cat\/es\/wp-json\/wp\/v2\/pages\/1504\/revisions\/1879"}],"wp:attachment":[{"href":"https:\/\/qsl.cat\/es\/wp-json\/wp\/v2\/media?parent=1504"}],"curies":[{"name":"wp","href":"https:\/\/api.w.org\/{rel}","templated":true}]}}