{"id":1502,"date":"2021-02-05T19:00:32","date_gmt":"2021-02-05T19:00:32","guid":{"rendered":"https:\/\/qsl.cat\/?page_id=1502"},"modified":"2024-06-12T21:30:22","modified_gmt":"2024-06-12T19:30:22","slug":"quienes-somos","status":"publish","type":"page","link":"https:\/\/qsl.cat\/es\/quienes-somos\/","title":{"rendered":"Qui\u00e9nes somos"},"content":{"rendered":"<style>.kb-row-layout-wrap.wp-block-kadence-rowlayout.kb-row-layout-id1502_5a5d32-ab{margin-bottom:0px;}.kb-row-layout-id1502_5a5d32-ab > .kt-row-column-wrap{align-content:end;}:where(.kb-row-layout-id1502_5a5d32-ab > .kt-row-column-wrap) > .wp-block-kadence-column{justify-content:end;}.kb-row-layout-id1502_5a5d32-ab > .kt-row-column-wrap{column-gap:var(--global-kb-gap-md, 2rem);row-gap:var(--global-kb-gap-md, 2rem);max-width:1240px;margin-left:auto;margin-right:auto;padding-top:200px;padding-bottom:60px;min-height:322px;grid-template-columns:minmax(0, 1fr);}.kb-row-layout-id1502_5a5d32-ab{background-color:#088c8e;}.kb-row-layout-id1502_5a5d32-ab > .kt-row-layout-overlay{opacity:0.30;}@media all and (max-width: 1024px){.kb-row-layout-id1502_5a5d32-ab > .kt-row-column-wrap{grid-template-columns:minmax(0, 1fr);}}@media all and (max-width: 767px){.kb-row-layout-id1502_5a5d32-ab > .kt-row-column-wrap{grid-template-columns:minmax(0, 1fr);}}<\/style><div class=\"kb-row-layout-wrap kb-row-layout-id1502_5a5d32-ab alignfull kt-row-has-bg header-interior estatic wp-block-kadence-rowlayout\"><div class=\"kt-row-column-wrap kt-has-1-columns kt-row-layout-equal kt-tab-layout-inherit kt-mobile-layout-row kt-row-valign-bottom\">\n<style>.kadence-column1502_db5014-bc > .kt-inside-inner-col,.kadence-column1502_db5014-bc > .kt-inside-inner-col:before{border-top-left-radius:0px;border-top-right-radius:0px;border-bottom-right-radius:0px;border-bottom-left-radius:0px;}.kadence-column1502_db5014-bc > .kt-inside-inner-col{column-gap:var(--global-kb-gap-sm, 1rem);}.kadence-column1502_db5014-bc > .kt-inside-inner-col{flex-direction:column;}.kadence-column1502_db5014-bc > .kt-inside-inner-col > .aligncenter{width:100%;}.kadence-column1502_db5014-bc > .kt-inside-inner-col:before{opacity:0.3;}.kadence-column1502_db5014-bc{position:relative;}@media all and (max-width: 1024px){.kadence-column1502_db5014-bc > .kt-inside-inner-col{flex-direction:column;justify-content:center;}}@media all and (max-width: 767px){.kadence-column1502_db5014-bc > .kt-inside-inner-col{flex-direction:column;justify-content:center;}}<\/style>\n<div class=\"wp-block-kadence-column kadence-column1502_db5014-bc inner-column-1 header-post\"><div class=\"kt-inside-inner-col\">\n<p class=\"etiqueta-titol-post has-white-color has-text-color\">QSL<\/p>\n\n\n\n<\/div><\/div>\n\n<\/div><\/div>\n\n<style>.kb-row-layout-wrap.wp-block-kadence-rowlayout.kb-row-layout-id1502_fdceab-fe{margin-bottom:110px;}.kb-row-layout-id1502_fdceab-fe > .kt-row-column-wrap{align-content:start;}:where(.kb-row-layout-id1502_fdceab-fe > .kt-row-column-wrap) > .wp-block-kadence-column{justify-content:start;}.kb-row-layout-id1502_fdceab-fe > .kt-row-column-wrap{column-gap:40px;row-gap:var(--global-kb-gap-md, 2rem);max-width:1240px;margin-left:auto;margin-right:auto;padding-top:95px;padding-bottom:0px;grid-template-columns:minmax(0, 1fr) minmax(0, 2fr);}.kb-row-layout-id1502_fdceab-fe > .kt-row-layout-overlay{opacity:0.30;}@media all and (max-width: 1024px){.kb-row-layout-id1502_fdceab-fe > .kt-row-column-wrap{grid-template-columns:minmax(0, 1fr) minmax(0, 2fr);}}@media all and (max-width: 767px){.kb-row-layout-wrap.wp-block-kadence-rowlayout.kb-row-layout-id1502_fdceab-fe{margin-bottom:55px;}.kb-row-layout-id1502_fdceab-fe > .kt-row-column-wrap{padding-top:45px;grid-template-columns:minmax(0, 1fr);}.kb-row-layout-id1502_fdceab-fe > .kt-row-column-wrap > .wp-block-kadence-column:nth-child(1 of *:not(style)){order:2;}.kb-row-layout-id1502_fdceab-fe > .kt-row-column-wrap > .wp-block-kadence-column:nth-child(2 of *:not(style)){order:1;}.kb-row-layout-id1502_fdceab-fe > .kt-row-column-wrap > .wp-block-kadence-column:nth-child(3 of *:not(style)){order:12;}.kb-row-layout-id1502_fdceab-fe > .kt-row-column-wrap > .wp-block-kadence-column:nth-child(4 of *:not(style)){order:11;}.kb-row-layout-id1502_fdceab-fe > .kt-row-column-wrap > .wp-block-kadence-column:nth-child(5 of *:not(style)){order:22;}.kb-row-layout-id1502_fdceab-fe > .kt-row-column-wrap > .wp-block-kadence-column:nth-child(6 of *:not(style)){order:21;}.kb-row-layout-id1502_fdceab-fe > .kt-row-column-wrap > .wp-block-kadence-column:nth-child(7 of *:not(style)){order:32;}.kb-row-layout-id1502_fdceab-fe > .kt-row-column-wrap > .wp-block-kadence-column:nth-child(8 of *:not(style)){order:31;}}<\/style><div class=\"kb-row-layout-wrap kb-row-layout-id1502_fdceab-fe alignfull has-white-background-color kt-row-has-bg container-subhome subhome-projectes post estatic wp-block-kadence-rowlayout\"><div class=\"kt-row-column-wrap kt-has-2-columns kt-row-layout-right-golden kt-tab-layout-inherit kt-mobile-layout-row kt-row-valign-top\">\n<style>.kadence-column1502_3d3629-b3 > .kt-inside-inner-col,.kadence-column1502_3d3629-b3 > .kt-inside-inner-col:before{border-top-left-radius:0px;border-top-right-radius:0px;border-bottom-right-radius:0px;border-bottom-left-radius:0px;}.kadence-column1502_3d3629-b3 > .kt-inside-inner-col{column-gap:var(--global-kb-gap-sm, 1rem);}.kadence-column1502_3d3629-b3 > .kt-inside-inner-col{flex-direction:column;}.kadence-column1502_3d3629-b3 > .kt-inside-inner-col > .aligncenter{width:100%;}.kadence-column1502_3d3629-b3 > .kt-inside-inner-col:before{opacity:0.3;}.kadence-column1502_3d3629-b3{position:relative;}@media all and (max-width: 1024px){.kadence-column1502_3d3629-b3 > .kt-inside-inner-col{flex-direction:column;justify-content:center;}}@media all and (max-width: 767px){.kadence-column1502_3d3629-b3 > .kt-inside-inner-col{flex-direction:column;justify-content:center;}}<\/style>\n<div class=\"wp-block-kadence-column kadence-column1502_3d3629-b3 inner-column-1 sidebar2\"><div class=\"kt-inside-inner-col\"><ul id=\"menu-submenu-qsl-es\" class=\"menu submenu\"><li id=\"menu-item-1661\" class=\"menu-item menu-item-type-post_type menu-item-object-page menu-item-1661\"><a href=\"https:\/\/qsl.cat\/es\/quienes-somos\/\">Qui\u00e9nes somos<\/a><\/li>\n<li id=\"menu-item-1662\" class=\"menu-item menu-item-type-post_type menu-item-object-page menu-item-1662\"><a href=\"https:\/\/qsl.cat\/es\/valores\/\">Valores<\/a><\/li>\n<li id=\"menu-item-1663\" class=\"menu-item menu-item-type-post_type menu-item-object-page menu-item-1663\"><a href=\"https:\/\/qsl.cat\/es\/contacto\/\">Contacto<\/a><\/li>\n<\/ul>\n<\/div><\/div>\n\n\n<style>.kadence-column1502_770e08-44 > .kt-inside-inner-col,.kadence-column1502_770e08-44 > .kt-inside-inner-col:before{border-top-left-radius:0px;border-top-right-radius:0px;border-bottom-right-radius:0px;border-bottom-left-radius:0px;}.kadence-column1502_770e08-44 > .kt-inside-inner-col{column-gap:var(--global-kb-gap-sm, 1rem);}.kadence-column1502_770e08-44 > .kt-inside-inner-col{flex-direction:column;}.kadence-column1502_770e08-44 > .kt-inside-inner-col > .aligncenter{width:100%;}.kadence-column1502_770e08-44 > .kt-inside-inner-col:before{opacity:0.3;}.kadence-column1502_770e08-44{position:relative;}@media all and (max-width: 1024px){.kadence-column1502_770e08-44 > .kt-inside-inner-col{flex-direction:column;justify-content:center;}}@media all and (max-width: 767px){.kadence-column1502_770e08-44 > .kt-inside-inner-col{flex-direction:column;justify-content:center;}}<\/style>\n<div class=\"wp-block-kadence-column kadence-column1502_770e08-44 inner-column-2 post\"><div class=\"kt-inside-inner-col\"><div class=\"wp-block-image is-resized img-ambit\">\n<figure class=\"aligncenter size-large\"><img decoding=\"async\" width=\"1024\" height=\"538\" src=\"https:\/\/qsl.cat\/wp-content\/uploads\/2020\/11\/qsl-quisom-1024x538.jpg\" alt=\"Qui\u00e9nes somos\" class=\"wp-image-1271\" srcset=\"https:\/\/qsl.cat\/wp-content\/uploads\/2020\/11\/qsl-quisom-1024x538.jpg 1024w, https:\/\/qsl.cat\/wp-content\/uploads\/2020\/11\/qsl-quisom-300x158.jpg 300w, https:\/\/qsl.cat\/wp-content\/uploads\/2020\/11\/qsl-quisom-768x403.jpg 768w, https:\/\/qsl.cat\/wp-content\/uploads\/2020\/11\/qsl-quisom.jpg 1200w\" sizes=\"(max-width: 1024px) 100vw, 1024px\" \/><\/figure>\n<\/div>\n\n\n<p>QSL Servicios Culturales somos una organizaci\u00f3n que naci\u00f3 en 1994 con el objetivo de generar y gestionar proyectos de servicio p\u00fablico desde las \u00e1reas de la <strong>cultura<\/strong>, la <strong>educaci\u00f3n<\/strong> y la <strong>participaci\u00f3n<\/strong>, tomando especial atenci\u00f3n a las <strong>diversidades<\/strong>. Desde entonces no hemos perdido el objetivo de fomentar y enriquecer la <strong>cultura de proximidad<\/strong>,<strong> la educaci\u00f3n expandida<\/strong>, la <strong>intervenci\u00f3n comunitaria<\/strong> y la <strong>transformaci\u00f3n social<\/strong>, ofreciendo asesoramiento, gesti\u00f3n efectiva y herramientas de comunicaci\u00f3n, desde los m\u00faltiples \u00e1mbitos de los servicios a las personas para facilitar, a las instituciones y los agentes culturales, educativos y comunitarios, las herramientas para dar forma, contenido y calidad a sus ideas.<\/p>\n\n\n\n<p>Desde una mirada interseccional y de manera transversal en todos los \u00e1mbitos y proyectos de la empresa, hemos ido poniendo de manifiesto la necesidad de prestar una especial atenci\u00f3n a las <strong>diversidades<\/strong>. As\u00ed es como desde el a\u00f1o 2015, QSL lidera la iniciativa <a href=\"https:\/\/collectiuimes.com\/\" target=\"_blank\" aria-label=\" (opens in a new tab)\" rel=\"noreferrer noopener\" class=\"ek-link\"><em>Col\u00b7lectiu i+, professionals per la diversitat,<\/em><\/a> promoviendo y acompa\u00f1ando proyectos que fomentan la interculturalidad, el reconocimiento de las diversidades, la perspectiva de g\u00e9nero y el an\u00e1lisis e intervenci\u00f3n interseccional.<\/p>\n\n\n\n<p>A pesar de que el pasado mes de enero nos dej\u00f3 Jes\u00fas Poza, fundador de la empresa, en QSL mantenemos los valores y la forma de ser cercana, flexible, dialogante, transparente, creativa, y transversal, que hab\u00edan caracterizado su carrera profesional. QSL sigue siendo pues, el conjunto de <strong>personas profesionales<\/strong> que nos organizamos en redes generando equipos de trabajo con un elevado grado de autonom\u00eda. Desde los equipos nos adaptamos a la singularidad de cada proyecto y utilizamos recursos, procedimientos y sistemas de trabajo, construidos a partir del conocimiento y la experiencia previa de toda la organizaci\u00f3n.<\/p>\n\n\n\n<p>En QSL promovemos la <strong>escucha activa<\/strong> y el <strong>di\u00e1logo <\/strong>como herramientas constructivas que permiten trabajar con <strong>proximidad <\/strong>y <strong>transparencia<\/strong>, generando un trato de confianza con los clientes y promoviendo la autonom\u00eda a cada equipo de trabajo, con el objetivo de alcanzar <strong>proyectos de calidad<\/strong> inmersos en procesos de <strong>mejora continua.<\/strong><\/p>\n<\/div><\/div>\n\n<\/div><\/div>","protected":false},"excerpt":{"rendered":"<p>QSL QSL Servicios Culturales somos una organizaci\u00f3n que naci\u00f3 en 1994 con el objetivo de generar y gestionar proyectos de servicio p\u00fablico desde las \u00e1reas de la cultura, la educaci\u00f3n y la participaci\u00f3n, tomando especial atenci\u00f3n a las diversidades. Desde entonces no hemos perdido el objetivo de fomentar y enriquecer la cultura de proximidad, la &hellip;<\/p>\n","protected":false},"author":4,"featured_media":1855,"parent":0,"menu_order":0,"comment_status":"closed","ping_status":"closed","template":"templates\/template-builder.php","meta":{"_editorskit_title_hidden":false,"_editorskit_reading_time":1,"_editorskit_is_block_options_detached":false,"_editorskit_block_options_position":"{}","inline_featured_image":false,"_kad_blocks_custom_css":"","_kad_blocks_head_custom_js":"","_kad_blocks_body_custom_js":"","_kad_blocks_footer_custom_js":"","footnotes":""},"class_list":["post-1502","page","type-page","status-publish","has-post-thumbnail","hentry","post","with-featured-image"],"taxonomy_info":[],"featured_image_src_large":["https:\/\/qsl.cat\/wp-content\/uploads\/2020\/11\/social-math-rank-1024x538.jpg",905,475,true],"author_info":{"display_name":"ideadmyn","author_link":"https:\/\/qsl.cat\/es\/author\/ideadmyn\/"},"comment_info":0,"featured_image_src":"https:\/\/qsl.cat\/wp-content\/uploads\/2020\/11\/social-math-rank-600x400.jpg","featured_image_src_square":"https:\/\/qsl.cat\/wp-content\/uploads\/2020\/11\/social-math-rank-600x600.jpg","_links":{"self":[{"href":"https:\/\/qsl.cat\/es\/wp-json\/wp\/v2\/pages\/1502","targetHints":{"allow":["GET"]}}],"collection":[{"href":"https:\/\/qsl.cat\/es\/wp-json\/wp\/v2\/pages"}],"about":[{"href":"https:\/\/qsl.cat\/es\/wp-json\/wp\/v2\/types\/page"}],"author":[{"embeddable":true,"href":"https:\/\/qsl.cat\/es\/wp-json\/wp\/v2\/users\/4"}],"replies":[{"embeddable":true,"href":"https:\/\/qsl.cat\/es\/wp-json\/wp\/v2\/comments?post=1502"}],"version-history":[{"count":6,"href":"https:\/\/qsl.cat\/es\/wp-json\/wp\/v2\/pages\/1502\/revisions"}],"predecessor-version":[{"id":5633,"href":"https:\/\/qsl.cat\/es\/wp-json\/wp\/v2\/pages\/1502\/revisions\/5633"}],"wp:featuredmedia":[{"embeddable":true,"href":"https:\/\/qsl.cat\/es\/wp-json\/wp\/v2\/media\/1855"}],"wp:attachment":[{"href":"https:\/\/qsl.cat\/es\/wp-json\/wp\/v2\/media?parent=1502"}],"curies":[{"name":"wp","href":"https:\/\/api.w.org\/{rel}","templated":true}]}}