{"id":1497,"date":"2021-02-05T18:54:08","date_gmt":"2021-02-05T18:54:08","guid":{"rendered":"https:\/\/qsl.cat\/?page_id=1497"},"modified":"2024-06-12T13:08:45","modified_gmt":"2024-06-12T11:08:45","slug":"politica-de-privacidad","status":"publish","type":"page","link":"https:\/\/qsl.cat\/es\/politica-de-privacidad\/","title":{"rendered":"Pol\u00edtica de privacidad"},"content":{"rendered":"<style>.kb-row-layout-wrap.wp-block-kadence-rowlayout.kb-row-layout-id1497_e2ffa0-14{margin-bottom:0px;}.kb-row-layout-id1497_e2ffa0-14 > .kt-row-column-wrap{align-content:end;}:where(.kb-row-layout-id1497_e2ffa0-14 > .kt-row-column-wrap) > .wp-block-kadence-column{justify-content:end;}.kb-row-layout-id1497_e2ffa0-14 > .kt-row-column-wrap{column-gap:var(--global-kb-gap-md, 2rem);row-gap:var(--global-kb-gap-md, 2rem);max-width:1240px;margin-left:auto;margin-right:auto;padding-top:200px;padding-bottom:60px;min-height:322px;grid-template-columns:minmax(0, 1fr);}.kb-row-layout-id1497_e2ffa0-14{background-color:#088c8e;}.kb-row-layout-id1497_e2ffa0-14 > .kt-row-layout-overlay{opacity:0.30;}@media all and (max-width: 1024px){.kb-row-layout-id1497_e2ffa0-14 > .kt-row-column-wrap{grid-template-columns:minmax(0, 1fr);}}@media all and (max-width: 767px){.kb-row-layout-id1497_e2ffa0-14 > .kt-row-column-wrap{grid-template-columns:minmax(0, 1fr);}}<\/style><div class=\"kb-row-layout-wrap kb-row-layout-id1497_e2ffa0-14 alignfull kt-row-has-bg header-interior estatic wp-block-kadence-rowlayout\"><div class=\"kt-row-column-wrap kt-has-1-columns kt-row-layout-equal kt-tab-layout-inherit kt-mobile-layout-row kt-row-valign-bottom\">\n<style>.kadence-column1497_6c5ded-23 > .kt-inside-inner-col,.kadence-column1497_6c5ded-23 > .kt-inside-inner-col:before{border-top-left-radius:0px;border-top-right-radius:0px;border-bottom-right-radius:0px;border-bottom-left-radius:0px;}.kadence-column1497_6c5ded-23 > .kt-inside-inner-col{column-gap:var(--global-kb-gap-sm, 1rem);}.kadence-column1497_6c5ded-23 > .kt-inside-inner-col{flex-direction:column;}.kadence-column1497_6c5ded-23 > .kt-inside-inner-col > .aligncenter{width:100%;}.kadence-column1497_6c5ded-23 > .kt-inside-inner-col:before{opacity:0.3;}.kadence-column1497_6c5ded-23{position:relative;}@media all and (max-width: 1024px){.kadence-column1497_6c5ded-23 > .kt-inside-inner-col{flex-direction:column;justify-content:center;}}@media all and (max-width: 767px){.kadence-column1497_6c5ded-23 > .kt-inside-inner-col{flex-direction:column;justify-content:center;}}<\/style>\n<div class=\"wp-block-kadence-column kadence-column1497_6c5ded-23 inner-column-1 header-post\"><div class=\"kt-inside-inner-col\">\n<\/div><\/div>\n\n<\/div><\/div>\n\n<style>.kb-row-layout-wrap.wp-block-kadence-rowlayout.kb-row-layout-id1497_3cf275-24{margin-bottom:110px;}.kb-row-layout-id1497_3cf275-24 > .kt-row-column-wrap{align-content:start;}:where(.kb-row-layout-id1497_3cf275-24 > .kt-row-column-wrap) > .wp-block-kadence-column{justify-content:start;}.kb-row-layout-id1497_3cf275-24 > .kt-row-column-wrap{column-gap:40px;row-gap:var(--global-kb-gap-md, 2rem);max-width:1240px;margin-left:auto;margin-right:auto;padding-top:95px;padding-bottom:0px;grid-template-columns:minmax(0, 1fr) minmax(0, 2fr);}.kb-row-layout-id1497_3cf275-24 > .kt-row-layout-overlay{opacity:0.30;}@media all and (max-width: 1024px){.kb-row-layout-id1497_3cf275-24 > .kt-row-column-wrap{grid-template-columns:minmax(0, 1fr) minmax(0, 2fr);}}@media all and (max-width: 767px){.kb-row-layout-id1497_3cf275-24 > .kt-row-column-wrap{grid-template-columns:minmax(0, 1fr);}}<\/style><div class=\"kb-row-layout-wrap kb-row-layout-id1497_3cf275-24 alignfull has-white-background-color kt-row-has-bg container-subhome subhome-projectes post estatic wp-block-kadence-rowlayout\"><div class=\"kt-row-column-wrap kt-has-2-columns kt-row-layout-right-golden kt-tab-layout-inherit kt-mobile-layout-row kt-row-valign-top\">\n<style>.kadence-column1497_2e1f52-4f > .kt-inside-inner-col,.kadence-column1497_2e1f52-4f > .kt-inside-inner-col:before{border-top-left-radius:0px;border-top-right-radius:0px;border-bottom-right-radius:0px;border-bottom-left-radius:0px;}.kadence-column1497_2e1f52-4f > .kt-inside-inner-col{column-gap:var(--global-kb-gap-sm, 1rem);}.kadence-column1497_2e1f52-4f > .kt-inside-inner-col{flex-direction:column;}.kadence-column1497_2e1f52-4f > .kt-inside-inner-col > .aligncenter{width:100%;}.kadence-column1497_2e1f52-4f > .kt-inside-inner-col:before{opacity:0.3;}.kadence-column1497_2e1f52-4f{position:relative;}@media all and (max-width: 1024px){.kadence-column1497_2e1f52-4f > .kt-inside-inner-col{flex-direction:column;justify-content:center;}}@media all and (max-width: 767px){.kadence-column1497_2e1f52-4f > .kt-inside-inner-col{flex-direction:column;justify-content:center;}}<\/style>\n<div class=\"wp-block-kadence-column kadence-column1497_2e1f52-4f inner-column-1 sidebar2\"><div class=\"kt-inside-inner-col\"><ul id=\"menu-legal-es\" class=\"menu submenu\"><li id=\"menu-item-3878\" class=\"menu-item menu-item-type-post_type menu-item-object-page menu-item-3878\"><a href=\"https:\/\/qsl.cat\/es\/buzon-etico\/\">Buz\u00f3n \u00e9tico<\/a><\/li>\n<li id=\"menu-item-1664\" class=\"menu-item menu-item-type-post_type menu-item-object-page menu-item-1664\"><a href=\"https:\/\/qsl.cat\/es\/aviso-legal\/\">Aviso legal<\/a><\/li>\n<li id=\"menu-item-1665\" class=\"menu-item menu-item-type-post_type menu-item-object-page menu-item-1665\"><a href=\"https:\/\/qsl.cat\/es\/politica-de-privacidad\/\">Pol\u00edtica de privacidad<\/a><\/li>\n<li id=\"menu-item-1666\" class=\"menu-item menu-item-type-post_type menu-item-object-page menu-item-1666\"><a href=\"https:\/\/qsl.cat\/es\/politica-de-cookies\/\">Pol\u00edtica de cookies<\/a><\/li>\n<\/ul>\n<\/div><\/div>\n\n\n<style>.kadence-column1497_7d7501-38 > .kt-inside-inner-col,.kadence-column1497_7d7501-38 > .kt-inside-inner-col:before{border-top-left-radius:0px;border-top-right-radius:0px;border-bottom-right-radius:0px;border-bottom-left-radius:0px;}.kadence-column1497_7d7501-38 > .kt-inside-inner-col{column-gap:var(--global-kb-gap-sm, 1rem);}.kadence-column1497_7d7501-38 > .kt-inside-inner-col{flex-direction:column;}.kadence-column1497_7d7501-38 > .kt-inside-inner-col > .aligncenter{width:100%;}.kadence-column1497_7d7501-38 > .kt-inside-inner-col:before{opacity:0.3;}.kadence-column1497_7d7501-38{position:relative;}@media all and (max-width: 1024px){.kadence-column1497_7d7501-38 > .kt-inside-inner-col{flex-direction:column;justify-content:center;}}@media all and (max-width: 767px){.kadence-column1497_7d7501-38 > .kt-inside-inner-col{flex-direction:column;justify-content:center;}}<\/style>\n<div class=\"wp-block-kadence-column kadence-column1497_7d7501-38 inner-column-2 post\"><div class=\"kt-inside-inner-col\"><style>.wp-block-kadence-advancedheading.kt-adv-heading1497_2d4321-91, .wp-block-kadence-advancedheading.kt-adv-heading1497_2d4321-91[data-kb-block=\"kb-adv-heading1497_2d4321-91\"]{font-style:normal;}.wp-block-kadence-advancedheading.kt-adv-heading1497_2d4321-91 mark.kt-highlight, .wp-block-kadence-advancedheading.kt-adv-heading1497_2d4321-91[data-kb-block=\"kb-adv-heading1497_2d4321-91\"] mark.kt-highlight{font-style:normal;color:#f76a0c;-webkit-box-decoration-break:clone;box-decoration-break:clone;padding-top:0px;padding-right:0px;padding-bottom:0px;padding-left:0px;}.wp-block-kadence-advancedheading.kt-adv-heading1497_2d4321-91 img.kb-inline-image, .wp-block-kadence-advancedheading.kt-adv-heading1497_2d4321-91[data-kb-block=\"kb-adv-heading1497_2d4321-91\"] img.kb-inline-image{width:150px;vertical-align:baseline;}<\/style>\n<h3 class=\"kt-adv-heading1497_2d4321-91 wp-block-kadence-advancedheading\" data-kb-block=\"kb-adv-heading1497_2d4321-91\">1. Informaci\u00f3 per a l&#8217;usuari <\/h3>\n\n\n<style>.wp-block-kadence-advancedheading.kt-adv-heading1497_4441af-dc, .wp-block-kadence-advancedheading.kt-adv-heading1497_4441af-dc[data-kb-block=\"kb-adv-heading1497_4441af-dc\"]{font-style:normal;}.wp-block-kadence-advancedheading.kt-adv-heading1497_4441af-dc mark.kt-highlight, .wp-block-kadence-advancedheading.kt-adv-heading1497_4441af-dc[data-kb-block=\"kb-adv-heading1497_4441af-dc\"] mark.kt-highlight{font-style:normal;color:#f76a0c;-webkit-box-decoration-break:clone;box-decoration-break:clone;padding-top:0px;padding-right:0px;padding-bottom:0px;padding-left:0px;}.wp-block-kadence-advancedheading.kt-adv-heading1497_4441af-dc img.kb-inline-image, .wp-block-kadence-advancedheading.kt-adv-heading1497_4441af-dc[data-kb-block=\"kb-adv-heading1497_4441af-dc\"] img.kb-inline-image{width:150px;vertical-align:baseline;}<\/style>\n<h5 class=\"kt-adv-heading1497_4441af-dc wp-block-kadence-advancedheading\" data-kb-block=\"kb-adv-heading1497_4441af-dc\">Qui \u00e9s el responsable del tractament de les teves dades personals?<\/h5>\n\n\n\n<p><strong>QSL, SERVEIS CULTURALS, S.L.U<\/strong> \u00e9s el RESPONSABLE del tractament de les dades personals de l\u2019USUARI i l\u2019informa que aquestes dades es tractaran de conformitat amb el que disposa el Reglament (UE) 2016\/679, de 27 d\u2019abril (GDPR), i la Llei Org\u00e0nica 3\/2018, de 5 de desembre (LOPDGDD).<\/p>\n\n\n<style>.wp-block-kadence-advancedheading.kt-adv-heading1497_b85998-4f, .wp-block-kadence-advancedheading.kt-adv-heading1497_b85998-4f[data-kb-block=\"kb-adv-heading1497_b85998-4f\"]{font-style:normal;}.wp-block-kadence-advancedheading.kt-adv-heading1497_b85998-4f mark.kt-highlight, .wp-block-kadence-advancedheading.kt-adv-heading1497_b85998-4f[data-kb-block=\"kb-adv-heading1497_b85998-4f\"] mark.kt-highlight{font-style:normal;color:#f76a0c;-webkit-box-decoration-break:clone;box-decoration-break:clone;padding-top:0px;padding-right:0px;padding-bottom:0px;padding-left:0px;}.wp-block-kadence-advancedheading.kt-adv-heading1497_b85998-4f img.kb-inline-image, .wp-block-kadence-advancedheading.kt-adv-heading1497_b85998-4f[data-kb-block=\"kb-adv-heading1497_b85998-4f\"] img.kb-inline-image{width:150px;vertical-align:baseline;}<\/style>\n<h5 class=\"kt-adv-heading1497_b85998-4f wp-block-kadence-advancedheading\" data-kb-block=\"kb-adv-heading1497_b85998-4f\">Perqu\u00e8 tractem les teves dades personals? <\/h5>\n\n\n\n<p>Per mantenir una relaci\u00f3 comercial amb l\u2019usuari. Les operacions previstes per fer el tractament s\u00f3n: <\/p>\n\n\n\n<ul class=\"is-style-default wp-block-list\">\n<li>Remesa de comunicacions comercials publicit\u00e0ries per e-mail, fax, SMS, MMS, xarxes socials o qualsevol altre mitj\u00e0 electr\u00f2nic o f\u00edsic, present o futur, que permeti efectuar comunicacions comercials. Aquestes comunicacions s\u2019han de fer per mitj\u00e0 del RESPONSABLE i estan relacionades amb els seus productes i serveis, o amb els seus col\u00b7laboradors o prove\u00efdors, amb els quals hagi arribat a algun acord de promoci\u00f3. En aquest cas, els tercers no tindran mai acc\u00e9s a les dades personals.<\/li>\n\n\n\n<li>Tramitar enc\u00e0rrecs de peticions, donar resposta a les consultes o qualsevol tipus de petici\u00f3 que faci l\u2019USUARI a trav\u00e9s de qualsevol de les formes de contacte que es posen a la seva disposici\u00f3 a la p\u00e0gina web del RESPONSABLE. <\/li>\n<\/ul>\n\n\n<style>.wp-block-kadence-advancedheading.kt-adv-heading1497_153c40-4b, .wp-block-kadence-advancedheading.kt-adv-heading1497_153c40-4b[data-kb-block=\"kb-adv-heading1497_153c40-4b\"]{font-style:normal;}.wp-block-kadence-advancedheading.kt-adv-heading1497_153c40-4b mark.kt-highlight, .wp-block-kadence-advancedheading.kt-adv-heading1497_153c40-4b[data-kb-block=\"kb-adv-heading1497_153c40-4b\"] mark.kt-highlight{font-style:normal;color:#f76a0c;-webkit-box-decoration-break:clone;box-decoration-break:clone;padding-top:0px;padding-right:0px;padding-bottom:0px;padding-left:0px;}.wp-block-kadence-advancedheading.kt-adv-heading1497_153c40-4b img.kb-inline-image, .wp-block-kadence-advancedheading.kt-adv-heading1497_153c40-4b[data-kb-block=\"kb-adv-heading1497_153c40-4b\"] img.kb-inline-image{width:150px;vertical-align:baseline;}<\/style>\n<h5 class=\"kt-adv-heading1497_153c40-4b wp-block-kadence-advancedheading\" data-kb-block=\"kb-adv-heading1497_153c40-4b\">Durant quant de temps guardarem les teves dades personals? <\/h5>\n\n\n\n<p>Es conservaran durant no m\u00e9s temps del necessari per mantenir la finalitat del tractament o mentre hi hagi prescripcions legals que en dictaminin la cust\u00f2dia i quan ja no sigui necessari per a aix\u00f2, se suprimiran amb mesures de seguretat adequades per garantir l\u2019anonimitzaci\u00f3 de les dades o la seva destrucci\u00f3 total. <\/p>\n\n\n<style>.wp-block-kadence-advancedheading.kt-adv-heading1497_eedd19-1c, .wp-block-kadence-advancedheading.kt-adv-heading1497_eedd19-1c[data-kb-block=\"kb-adv-heading1497_eedd19-1c\"]{font-style:normal;}.wp-block-kadence-advancedheading.kt-adv-heading1497_eedd19-1c mark.kt-highlight, .wp-block-kadence-advancedheading.kt-adv-heading1497_eedd19-1c[data-kb-block=\"kb-adv-heading1497_eedd19-1c\"] mark.kt-highlight{font-style:normal;color:#f76a0c;-webkit-box-decoration-break:clone;box-decoration-break:clone;padding-top:0px;padding-right:0px;padding-bottom:0px;padding-left:0px;}.wp-block-kadence-advancedheading.kt-adv-heading1497_eedd19-1c img.kb-inline-image, .wp-block-kadence-advancedheading.kt-adv-heading1497_eedd19-1c[data-kb-block=\"kb-adv-heading1497_eedd19-1c\"] img.kb-inline-image{width:150px;vertical-align:baseline;}<\/style>\n<h5 class=\"kt-adv-heading1497_eedd19-1c wp-block-kadence-advancedheading\" data-kb-block=\"kb-adv-heading1497_eedd19-1c\">A qui facilitem les teves dades personals? <\/h5>\n\n\n\n<p>No est\u00e0 prevista cap comunicaci\u00f3 de dades personals a tercers excepte, si fos necessari per al desenvolupament i execuci\u00f3 de les finalitats del tractament, als nostres prove\u00efdors de serveis relacionats amb comunicacions, amb els quals el RESPONSABLE ha formalitzat els contractes de confidencialitat i d\u2019encarregat de tractament exigits per la normativa vigent de privacitat.<\/p>\n\n\n<style>.wp-block-kadence-advancedheading.kt-adv-heading1497_7ea735-7c, .wp-block-kadence-advancedheading.kt-adv-heading1497_7ea735-7c[data-kb-block=\"kb-adv-heading1497_7ea735-7c\"]{font-style:normal;}.wp-block-kadence-advancedheading.kt-adv-heading1497_7ea735-7c mark.kt-highlight, .wp-block-kadence-advancedheading.kt-adv-heading1497_7ea735-7c[data-kb-block=\"kb-adv-heading1497_7ea735-7c\"] mark.kt-highlight{font-style:normal;color:#f76a0c;-webkit-box-decoration-break:clone;box-decoration-break:clone;padding-top:0px;padding-right:0px;padding-bottom:0px;padding-left:0px;}.wp-block-kadence-advancedheading.kt-adv-heading1497_7ea735-7c img.kb-inline-image, .wp-block-kadence-advancedheading.kt-adv-heading1497_7ea735-7c[data-kb-block=\"kb-adv-heading1497_7ea735-7c\"] img.kb-inline-image{width:150px;vertical-align:baseline;}<\/style>\n<h5 class=\"kt-adv-heading1497_7ea735-7c wp-block-kadence-advancedheading\" data-kb-block=\"kb-adv-heading1497_7ea735-7c\">Quins s\u00f3n els teus drets?<\/h5>\n\n\n\n<p>Els drets que t\u00e9 l\u2019USUARI s\u00f3n: <\/p>\n\n\n\n<ul class=\"is-style-default wp-block-list\">\n<li>Dret a retirar el consentiment en qualsevol moment.<\/li>\n\n\n\n<li>Dret d\u2019acc\u00e9s, rectificaci\u00f3, portabilitat i supressi\u00f3 de les seves dades i de limitaci\u00f3 o oposici\u00f3 al seu tractament.<\/li>\n\n\n\n<li>Dret a presentar una reclamaci\u00f3 davant l\u2019autoritat de control (www.aepd.es) si considera que el tractament no s\u2019ajusta a la normativa vigent. <\/li>\n<\/ul>\n\n\n<style>.wp-block-kadence-advancedheading.kt-adv-heading1497_1f538f-38, .wp-block-kadence-advancedheading.kt-adv-heading1497_1f538f-38[data-kb-block=\"kb-adv-heading1497_1f538f-38\"]{font-style:normal;}.wp-block-kadence-advancedheading.kt-adv-heading1497_1f538f-38 mark.kt-highlight, .wp-block-kadence-advancedheading.kt-adv-heading1497_1f538f-38[data-kb-block=\"kb-adv-heading1497_1f538f-38\"] mark.kt-highlight{font-style:normal;color:#f76a0c;-webkit-box-decoration-break:clone;box-decoration-break:clone;padding-top:0px;padding-right:0px;padding-bottom:0px;padding-left:0px;}.wp-block-kadence-advancedheading.kt-adv-heading1497_1f538f-38 img.kb-inline-image, .wp-block-kadence-advancedheading.kt-adv-heading1497_1f538f-38[data-kb-block=\"kb-adv-heading1497_1f538f-38\"] img.kb-inline-image{width:150px;vertical-align:baseline;}<\/style>\n<h5 class=\"kt-adv-heading1497_1f538f-38 wp-block-kadence-advancedheading\" data-kb-block=\"kb-adv-heading1497_1f538f-38\">Dades de contacte per exercir els seus drets: <\/h5>\n\n\n\n<p>QSL, SERVEIS CULTURALS, S.L.U. CL. BRUC, 88 1 &#8211; 08009 Barcelona (Barcelona). Email: &#x71;s&#x6c;&#64;&#x71;&#115;&#x6c;&#46;c&#x61;t<\/p>\n\n\n<style>.wp-block-kadence-advancedheading.kt-adv-heading1497_2eb5ff-85, .wp-block-kadence-advancedheading.kt-adv-heading1497_2eb5ff-85[data-kb-block=\"kb-adv-heading1497_2eb5ff-85\"]{font-style:normal;}.wp-block-kadence-advancedheading.kt-adv-heading1497_2eb5ff-85 mark.kt-highlight, .wp-block-kadence-advancedheading.kt-adv-heading1497_2eb5ff-85[data-kb-block=\"kb-adv-heading1497_2eb5ff-85\"] mark.kt-highlight{font-style:normal;color:#f76a0c;-webkit-box-decoration-break:clone;box-decoration-break:clone;padding-top:0px;padding-right:0px;padding-bottom:0px;padding-left:0px;}.wp-block-kadence-advancedheading.kt-adv-heading1497_2eb5ff-85 img.kb-inline-image, .wp-block-kadence-advancedheading.kt-adv-heading1497_2eb5ff-85[data-kb-block=\"kb-adv-heading1497_2eb5ff-85\"] img.kb-inline-image{width:150px;vertical-align:baseline;}<\/style>\n<h3 class=\"kt-adv-heading1497_2eb5ff-85 wp-block-kadence-advancedheading\" data-kb-block=\"kb-adv-heading1497_2eb5ff-85\">2. Car\u00e0cter obligatori o facultatiu de la informaci\u00f3 facilitada per l&#8217;usuari<\/h3>\n\n\n\n<p>Els USUARIS, per mitj\u00e0 de les caselles corresponents i la introducci\u00f3 de dades en els camps, marcats amb l\u2019asterisc (*) en el formulari de contacte o presentats en formularis de desc\u00e0rrega, accepten expressament i de manera lliure i inequ\u00edvoca, que les seves dades s\u00f3n necess\u00e0ries per a l\u2019atenci\u00f3 de la seva petici\u00f3, per part del prestador, i que per tant la inclusi\u00f3 de les dades en els camps restants \u00e9s volunt\u00e0ria. L\u2019USUARI garanteix que les dades personals facilitades al RESPONSABLE s\u00f3n ver\u00eddiques i es fa responsable de comunicar-ne qualsevol modificaci\u00f3. <\/p>\n\n\n\n<p>El RESPONSABLE informa que totes les dades sol\u00b7licitades a trav\u00e9s del lloc web s\u00f3n obligat\u00f2ries, ja que s\u00f3n necess\u00e0ries per a la prestaci\u00f3 d\u2019un servei \u00f2ptim a l\u2019USUARI. En cas que no es facilitin totes les dades, no es garanteix que la informaci\u00f3 i serveis facilitats s\u2019ajustin completament a les seves necessitats. <\/p>\n\n\n<style>.wp-block-kadence-advancedheading.kt-adv-heading1497_5a7a05-54, .wp-block-kadence-advancedheading.kt-adv-heading1497_5a7a05-54[data-kb-block=\"kb-adv-heading1497_5a7a05-54\"]{font-style:normal;}.wp-block-kadence-advancedheading.kt-adv-heading1497_5a7a05-54 mark.kt-highlight, .wp-block-kadence-advancedheading.kt-adv-heading1497_5a7a05-54[data-kb-block=\"kb-adv-heading1497_5a7a05-54\"] mark.kt-highlight{font-style:normal;color:#f76a0c;-webkit-box-decoration-break:clone;box-decoration-break:clone;padding-top:0px;padding-right:0px;padding-bottom:0px;padding-left:0px;}.wp-block-kadence-advancedheading.kt-adv-heading1497_5a7a05-54 img.kb-inline-image, .wp-block-kadence-advancedheading.kt-adv-heading1497_5a7a05-54[data-kb-block=\"kb-adv-heading1497_5a7a05-54\"] img.kb-inline-image{width:150px;vertical-align:baseline;}<\/style>\n<h3 class=\"kt-adv-heading1497_5a7a05-54 wp-block-kadence-advancedheading\" data-kb-block=\"kb-adv-heading1497_5a7a05-54\">3. Mesures de seguretat <\/h3>\n\n\n\n<p>Que, de conformitat amb el que estableixen les normatives vigents en protecci\u00f3 de dades personals, el RESPONSABLE est\u00e0 complint amb totes les disposicions de les normatives GDPR i LOPDGDD per al tractament de les dades personals de la seva responsabilitat, i manifestament amb els principis descrits a l\u2019article 5 del GDPR, pels quals es tracten de manera l\u00edcita, lleial i transparent en relaci\u00f3 amb l\u2019interessat i adequades, pertinents i limitades al que \u00e9s necessari en relaci\u00f3 amb les finalitats per a les quals es tracten. <\/p>\n\n\n\n<p>El RESPONSABLE garanteix que ha implementat pol\u00edtiques t\u00e8cniques i organitzatives apropiades per aplicar les mesures de seguretat que estableixen el GDPR i la LOPDGDD per tal de protegir els drets i llibertats dels USUARIS i els ha comunicat la informaci\u00f3 adequada perqu\u00e8 puguin exercir-los. <\/p>\n\n\n\n<p>Per a m\u00e9s informaci\u00f3 sobre les garanties de privacitat, pots dirigir-te al RESPONSABLE a trav\u00e9s de QSL, SERVEIS CULTURALS, S.L.U. CL. BRUC, 88 1 &#8211; 08009 Barcelona (Barcelona). Email: q&#115;&#x6c;&#x40;q&#115;&#x6c;&#x2e;c&#97;&#116;<\/p>\n\n\n\n<p>Tamb\u00e9 pots dirigir una reclamaci\u00f3 a l&#8217;AEPD.<\/p>\n<\/div><\/div>\n\n<\/div><\/div>","protected":false},"excerpt":{"rendered":"<p>1. Informaci\u00f3 per a l&#8217;usuari Qui \u00e9s el responsable del tractament de les teves dades personals? QSL, SERVEIS CULTURALS, S.L.U \u00e9s el RESPONSABLE del tractament de les dades personals de l\u2019USUARI i l\u2019informa que aquestes dades es tractaran de conformitat amb el que disposa el Reglament (UE) 2016\/679, de 27 d\u2019abril (GDPR), i la Llei &hellip;<\/p>\n","protected":false},"author":4,"featured_media":0,"parent":0,"menu_order":0,"comment_status":"closed","ping_status":"closed","template":"","meta":{"_editorskit_title_hidden":false,"_editorskit_reading_time":3,"_editorskit_is_block_options_detached":false,"_editorskit_block_options_position":"{}","inline_featured_image":false,"_kad_blocks_custom_css":"","_kad_blocks_head_custom_js":"","_kad_blocks_body_custom_js":"","_kad_blocks_footer_custom_js":"","footnotes":""},"class_list":["post-1497","page","type-page","status-publish","hentry","post","without-featured-image"],"taxonomy_info":[],"featured_image_src_large":false,"author_info":{"display_name":"ideadmyn","author_link":"https:\/\/qsl.cat\/es\/author\/ideadmyn\/"},"comment_info":0,"featured_image_src":null,"featured_image_src_square":null,"_links":{"self":[{"href":"https:\/\/qsl.cat\/es\/wp-json\/wp\/v2\/pages\/1497","targetHints":{"allow":["GET"]}}],"collection":[{"href":"https:\/\/qsl.cat\/es\/wp-json\/wp\/v2\/pages"}],"about":[{"href":"https:\/\/qsl.cat\/es\/wp-json\/wp\/v2\/types\/page"}],"author":[{"embeddable":true,"href":"https:\/\/qsl.cat\/es\/wp-json\/wp\/v2\/users\/4"}],"replies":[{"embeddable":true,"href":"https:\/\/qsl.cat\/es\/wp-json\/wp\/v2\/comments?post=1497"}],"version-history":[{"count":5,"href":"https:\/\/qsl.cat\/es\/wp-json\/wp\/v2\/pages\/1497\/revisions"}],"predecessor-version":[{"id":5506,"href":"https:\/\/qsl.cat\/es\/wp-json\/wp\/v2\/pages\/1497\/revisions\/5506"}],"wp:attachment":[{"href":"https:\/\/qsl.cat\/es\/wp-json\/wp\/v2\/media?parent=1497"}],"curies":[{"name":"wp","href":"https:\/\/api.w.org\/{rel}","templated":true}]}}