{"id":1466,"date":"2021-02-05T18:10:40","date_gmt":"2021-02-05T18:10:40","guid":{"rendered":"https:\/\/qsl.cat\/?page_id=1466"},"modified":"2024-06-12T21:31:22","modified_gmt":"2024-06-12T19:31:22","slug":"contacto","status":"publish","type":"page","link":"https:\/\/qsl.cat\/es\/contacto\/","title":{"rendered":"Contacto"},"content":{"rendered":"<style>.kb-row-layout-wrap.wp-block-kadence-rowlayout.kb-row-layout-id1466_683b21-ed{margin-bottom:0px;}.kb-row-layout-id1466_683b21-ed > .kt-row-column-wrap{align-content:end;}:where(.kb-row-layout-id1466_683b21-ed > .kt-row-column-wrap) > .wp-block-kadence-column{justify-content:end;}.kb-row-layout-id1466_683b21-ed > .kt-row-column-wrap{column-gap:var(--global-kb-gap-md, 2rem);row-gap:var(--global-kb-gap-md, 2rem);max-width:1240px;margin-left:auto;margin-right:auto;padding-top:200px;padding-bottom:60px;min-height:322px;grid-template-columns:minmax(0, 1fr);}.kb-row-layout-id1466_683b21-ed{background-color:#088c8e;}.kb-row-layout-id1466_683b21-ed > .kt-row-layout-overlay{opacity:0.30;}@media all and (max-width: 1024px){.kb-row-layout-id1466_683b21-ed > .kt-row-column-wrap{grid-template-columns:minmax(0, 1fr);}}@media all and (max-width: 767px){.kb-row-layout-id1466_683b21-ed > .kt-row-column-wrap{grid-template-columns:minmax(0, 1fr);}}<\/style><div class=\"kb-row-layout-wrap kb-row-layout-id1466_683b21-ed alignfull kt-row-has-bg header-interior estatic wp-block-kadence-rowlayout\"><div class=\"kt-row-column-wrap kt-has-1-columns kt-row-layout-equal kt-tab-layout-inherit kt-mobile-layout-row kt-row-valign-bottom\">\n<style>.kadence-column1466_6761a4-04 > .kt-inside-inner-col,.kadence-column1466_6761a4-04 > .kt-inside-inner-col:before{border-top-left-radius:0px;border-top-right-radius:0px;border-bottom-right-radius:0px;border-bottom-left-radius:0px;}.kadence-column1466_6761a4-04 > .kt-inside-inner-col{column-gap:var(--global-kb-gap-sm, 1rem);}.kadence-column1466_6761a4-04 > .kt-inside-inner-col{flex-direction:column;}.kadence-column1466_6761a4-04 > .kt-inside-inner-col > .aligncenter{width:100%;}.kadence-column1466_6761a4-04 > .kt-inside-inner-col:before{opacity:0.3;}.kadence-column1466_6761a4-04{position:relative;}@media all and (max-width: 1024px){.kadence-column1466_6761a4-04 > .kt-inside-inner-col{flex-direction:column;justify-content:center;}}@media all and (max-width: 767px){.kadence-column1466_6761a4-04 > .kt-inside-inner-col{flex-direction:column;justify-content:center;}}<\/style>\n<div class=\"wp-block-kadence-column kadence-column1466_6761a4-04 inner-column-1 header-post\"><div class=\"kt-inside-inner-col\">\n<p class=\"etiqueta-titol-post has-white-color has-text-color\">QSL<\/p>\n\n\n\n<\/div><\/div>\n\n<\/div><\/div>\n\n<style>.kb-row-layout-wrap.wp-block-kadence-rowlayout.kb-row-layout-id1466_925290-87{margin-bottom:110px;}.kb-row-layout-id1466_925290-87 > .kt-row-column-wrap{align-content:start;}:where(.kb-row-layout-id1466_925290-87 > .kt-row-column-wrap) > .wp-block-kadence-column{justify-content:start;}.kb-row-layout-id1466_925290-87 > .kt-row-column-wrap{column-gap:40px;row-gap:var(--global-kb-gap-md, 2rem);max-width:1240px;margin-left:auto;margin-right:auto;padding-top:95px;padding-bottom:0px;grid-template-columns:minmax(0, calc(20% - ((40px * 1 )\/2)))minmax(0, calc(80% - ((40px * 1 )\/2)));}.kb-row-layout-id1466_925290-87 > .kt-row-layout-overlay{opacity:0.30;}@media all and (max-width: 1024px){.kb-row-layout-id1466_925290-87 > .kt-row-column-wrap{grid-template-columns:minmax(0, 1fr) minmax(0, 2fr);}}@media all and (max-width: 767px){.kb-row-layout-wrap.wp-block-kadence-rowlayout.kb-row-layout-id1466_925290-87{margin-bottom:55px;}.kb-row-layout-id1466_925290-87 > .kt-row-column-wrap{padding-top:45px;grid-template-columns:minmax(0, 1fr);}.kb-row-layout-id1466_925290-87 > .kt-row-column-wrap > .wp-block-kadence-column:nth-child(1 of *:not(style)){order:2;}.kb-row-layout-id1466_925290-87 > .kt-row-column-wrap > .wp-block-kadence-column:nth-child(2 of *:not(style)){order:1;}.kb-row-layout-id1466_925290-87 > .kt-row-column-wrap > .wp-block-kadence-column:nth-child(3 of *:not(style)){order:12;}.kb-row-layout-id1466_925290-87 > .kt-row-column-wrap > .wp-block-kadence-column:nth-child(4 of *:not(style)){order:11;}.kb-row-layout-id1466_925290-87 > .kt-row-column-wrap > .wp-block-kadence-column:nth-child(5 of *:not(style)){order:22;}.kb-row-layout-id1466_925290-87 > .kt-row-column-wrap > .wp-block-kadence-column:nth-child(6 of *:not(style)){order:21;}.kb-row-layout-id1466_925290-87 > .kt-row-column-wrap > .wp-block-kadence-column:nth-child(7 of *:not(style)){order:32;}.kb-row-layout-id1466_925290-87 > .kt-row-column-wrap > .wp-block-kadence-column:nth-child(8 of *:not(style)){order:31;}}<\/style><div class=\"kb-row-layout-wrap kb-row-layout-id1466_925290-87 alignfull has-white-background-color kt-row-has-bg container-subhome subhome-projectes post estatic wp-block-kadence-rowlayout\"><div class=\"kt-row-column-wrap kt-has-2-columns kt-row-layout-right-golden kt-tab-layout-inherit kt-mobile-layout-row kt-row-valign-top\">\n<style>.kadence-column1466_14f5a2-17 > .kt-inside-inner-col,.kadence-column1466_14f5a2-17 > .kt-inside-inner-col:before{border-top-left-radius:0px;border-top-right-radius:0px;border-bottom-right-radius:0px;border-bottom-left-radius:0px;}.kadence-column1466_14f5a2-17 > .kt-inside-inner-col{column-gap:var(--global-kb-gap-sm, 1rem);}.kadence-column1466_14f5a2-17 > .kt-inside-inner-col{flex-direction:column;}.kadence-column1466_14f5a2-17 > .kt-inside-inner-col > .aligncenter{width:100%;}.kadence-column1466_14f5a2-17 > .kt-inside-inner-col:before{opacity:0.3;}.kadence-column1466_14f5a2-17{position:relative;}@media all and (max-width: 1024px){.kadence-column1466_14f5a2-17 > .kt-inside-inner-col{flex-direction:column;justify-content:center;}}@media all and (max-width: 767px){.kadence-column1466_14f5a2-17 > .kt-inside-inner-col{flex-direction:column;justify-content:center;}}<\/style>\n<div class=\"wp-block-kadence-column kadence-column1466_14f5a2-17 inner-column-1 sidebar2\"><div class=\"kt-inside-inner-col\"><ul id=\"menu-submenu-qsl-es\" class=\"menu submenu\"><li id=\"menu-item-1661\" class=\"menu-item menu-item-type-post_type menu-item-object-page menu-item-1661\"><a href=\"https:\/\/qsl.cat\/es\/quienes-somos\/\">Qui\u00e9nes somos<\/a><\/li>\n<li id=\"menu-item-1662\" class=\"menu-item menu-item-type-post_type menu-item-object-page menu-item-1662\"><a href=\"https:\/\/qsl.cat\/es\/valores\/\">Valores<\/a><\/li>\n<li id=\"menu-item-1663\" class=\"menu-item menu-item-type-post_type menu-item-object-page menu-item-1663\"><a href=\"https:\/\/qsl.cat\/es\/contacto\/\">Contacto<\/a><\/li>\n<\/ul>\n<\/div><\/div>\n\n\n<style>.kadence-column1466_97c406-bf > .kt-inside-inner-col,.kadence-column1466_97c406-bf > .kt-inside-inner-col:before{border-top-left-radius:0px;border-top-right-radius:0px;border-bottom-right-radius:0px;border-bottom-left-radius:0px;}.kadence-column1466_97c406-bf > .kt-inside-inner-col{column-gap:var(--global-kb-gap-sm, 1rem);}.kadence-column1466_97c406-bf > .kt-inside-inner-col{flex-direction:column;}.kadence-column1466_97c406-bf > .kt-inside-inner-col > .aligncenter{width:100%;}.kadence-column1466_97c406-bf > .kt-inside-inner-col:before{opacity:0.3;}.kadence-column1466_97c406-bf{position:relative;}@media all and (max-width: 1024px){.kadence-column1466_97c406-bf > .kt-inside-inner-col{flex-direction:column;justify-content:center;}}@media all and (max-width: 767px){.kadence-column1466_97c406-bf > .kt-inside-inner-col{flex-direction:column;justify-content:center;}}<\/style>\n<div class=\"wp-block-kadence-column kadence-column1466_97c406-bf inner-column-2 post contacte\"><div class=\"kt-inside-inner-col\">\n<div class=\"wp-block-atomic-blocks-ab-columns contacte1 ab-layout-columns-2 ab-2-col-wideright\" style=\"margin-bottom:100px\"><div class=\"ab-layout-column-wrap ab-block-layout-column-gap-2 ab-is-responsive-column\">\n<div class=\"wp-block-atomic-blocks-ab-column ab-block-layout-column\"><div class=\"ab-block-layout-column-inner\"><style>.wp-block-kadence-advancedheading.kt-adv-heading1466_31d7b2-82, .wp-block-kadence-advancedheading.kt-adv-heading1466_31d7b2-82[data-kb-block=\"kb-adv-heading1466_31d7b2-82\"]{font-style:normal;}.wp-block-kadence-advancedheading.kt-adv-heading1466_31d7b2-82 mark.kt-highlight, .wp-block-kadence-advancedheading.kt-adv-heading1466_31d7b2-82[data-kb-block=\"kb-adv-heading1466_31d7b2-82\"] mark.kt-highlight{font-style:normal;color:#f76a0c;-webkit-box-decoration-break:clone;box-decoration-break:clone;padding-top:0px;padding-right:0px;padding-bottom:0px;padding-left:0px;}.wp-block-kadence-advancedheading.kt-adv-heading1466_31d7b2-82 img.kb-inline-image, .wp-block-kadence-advancedheading.kt-adv-heading1466_31d7b2-82[data-kb-block=\"kb-adv-heading1466_31d7b2-82\"] img.kb-inline-image{width:150px;vertical-align:baseline;}<\/style>\n<h5 class=\"kt-adv-heading1466_31d7b2-82 wp-block-kadence-advancedheading\" data-kb-block=\"kb-adv-heading1466_31d7b2-82\">QSL Serveis Culturals<\/h5>\n\n\n\n<p><a aria-label=\"C\/ Bruc, 88. 1 er. 08009 Barcelona (opens in a new tab)\" href=\"https:\/\/g.page\/QSLServeisCulturals?share\" target=\"_blank\" rel=\"noreferrer noopener\" class=\"ek-link\">C\/ Balmes, 316 Entres\u00f2l 1a<\/a><br>Tel. <a href=\"tel:+34933010060\" class=\"ek-link\">933 010 060<\/a>  <br><a href=\"&#109;&#x61;&#105;&#x6c;&#116;&#x6f;&#58;&#x71;s&#x6c;&#64;&#x71;s&#x6c;&#46;&#99;&#x61;&#116;\" class=\"ek-link\">&#x71;&#x73;&#x6c;&#64;&#113;&#115;l&#46;&#x63;&#x61;&#x74;<\/a><\/p>\n\n\n\n<p><\/p>\n<\/div><\/div>\n\n\n\n<div class=\"wp-block-atomic-blocks-ab-column ab-block-layout-column\"><div class=\"ab-block-layout-column-inner\">\n<div class=\"wpcf7 no-js\" id=\"wpcf7-f1065-o1\" lang=\"ca\" dir=\"ltr\" data-wpcf7-id=\"1065\">\n<div class=\"screen-reader-response\"><p role=\"status\" aria-live=\"polite\" aria-atomic=\"true\"><\/p> <ul><\/ul><\/div>\n<form action=\"\/es\/wp-json\/wp\/v2\/pages\/1466#wpcf7-f1065-o1\" method=\"post\" class=\"wpcf7-form init\" aria-label=\"Formulari de contacte\" novalidate=\"novalidate\" data-status=\"init\">\n<fieldset class=\"hidden-fields-container\"><input type=\"hidden\" name=\"_wpcf7\" value=\"1065\" \/><input type=\"hidden\" name=\"_wpcf7_version\" value=\"6.1.5\" \/><input type=\"hidden\" name=\"_wpcf7_locale\" value=\"ca\" \/><input type=\"hidden\" name=\"_wpcf7_unit_tag\" value=\"wpcf7-f1065-o1\" \/><input type=\"hidden\" name=\"_wpcf7_container_post\" value=\"0\" \/><input type=\"hidden\" name=\"_wpcf7_posted_data_hash\" value=\"\" \/><input type=\"hidden\" name=\"_wpcf7_recaptcha_response\" value=\"\" \/>\n<\/fieldset>\n<p>\t\t<div id=\"cf7md-form\" class=\"cf7md-form cf7md-theme--light\">\n\t\t\t<div class=\"mdc-layout-grid\">\n\t\t\t\t<div class=\"mdc-layout-grid__inner\">\n\t\t\t\t\t\t\t\t\t\t\n<\/p>\n\t\t\n\t\t<div class=\"cf7md-item cf7md-text mdc-layout-grid__cell mdc-layout-grid__cell--span-6-desktop mdc-layout-grid__cell--span-4-tablet mdc-layout-grid__cell--span-4-phone\">\n\t\t\t<br \/>\n<span class=\"wpcf7-form-control-wrap\" data-name=\"your-name\"><input size=\"40\" maxlength=\"400\" class=\"wpcf7-form-control wpcf7-text wpcf7-validates-as-required\" aria-required=\"true\" aria-invalid=\"false\" value=\"\" type=\"text\" name=\"your-name\" \/><\/span><br \/>\n\t\t\t\t\t\t<div style=\"display: none;\" class=\"cf7md-text-html\">\n\t\t\t\t<div class=\"mdc-text-field \">\n\t\t\t\t\t\n\t\t\t\t\t\t\t\t\t\t\t<label class=\"mdc-floating-label\">Nom<\/label>\n\t\t\t\t\t\t<div class=\"mdc-line-ripple\"><\/div>\n\t\t\t\t\t\t\t\t\t<\/div>\n\t\t\t<\/div>\n\t\t<\/div>\n\t\t\n\t\t\n\t\t<div class=\"cf7md-item cf7md-text mdc-layout-grid__cell mdc-layout-grid__cell--span-6-desktop mdc-layout-grid__cell--span-4-tablet mdc-layout-grid__cell--span-4-phone\">\n\t\t\t<br \/>\n<span class=\"wpcf7-form-control-wrap\" data-name=\"your-email\"><input size=\"40\" maxlength=\"400\" class=\"wpcf7-form-control wpcf7-email wpcf7-validates-as-required wpcf7-text wpcf7-validates-as-email\" aria-required=\"true\" aria-invalid=\"false\" value=\"\" type=\"email\" name=\"your-email\" \/><\/span><br \/>\n\t\t\t\t\t\t<div style=\"display: none;\" class=\"cf7md-text-html\">\n\t\t\t\t<div class=\"mdc-text-field \">\n\t\t\t\t\t\n\t\t\t\t\t\t\t\t\t\t\t<label class=\"mdc-floating-label\">Email<\/label>\n\t\t\t\t\t\t<div class=\"mdc-line-ripple\"><\/div>\n\t\t\t\t\t\t\t\t\t<\/div>\n\t\t\t<\/div>\n\t\t<\/div>\n\t\t\n\n\t\t<div class=\"cf7md-item cf7md-textarea mdc-layout-grid__cell mdc-layout-grid__cell--span-12-desktop mdc-layout-grid__cell--span-8-tablet mdc-layout-grid__cell--span-4-phone cf7md-textarea-autosize\">\n\t\t\t<br \/>\n<span class=\"wpcf7-form-control-wrap\" data-name=\"your-message\"><textarea cols=\"40\" rows=\"10\" maxlength=\"2000\" class=\"wpcf7-form-control wpcf7-textarea wpcf7-validates-as-required\" aria-required=\"true\" aria-invalid=\"false\" name=\"your-message\"><\/textarea><\/span><br \/>\n\t\t\t\t\t\t<div style=\"display: none;\" class=\"cf7md-text-html\">\n\t\t\t\t<div class=\"mdc-text-field  mdc-text-field--textarea\">\n\t\t\t\t\t\t\t\t\t\t<div class=\"mdc-notched-outline\">\n\t\t\t\t\t\t<div class=\"mdc-notched-outline__leading\"><\/div>\n\t\t\t\t\t\t<div class=\"mdc-notched-outline__notch\">\n\t\t\t\t\t\t\t<label class=\"mdc-floating-label\">Comentaris<\/label>\n\t\t\t\t\t\t<\/div>\n\t\t\t\t\t\t<div class=\"mdc-notched-outline__trailing\"><\/div>\n\t\t\t\t\t<\/div>\n\t\t\t\t<\/div>\n\t\t\t<\/div>\n\t\t<\/div>\n\t\t\n\t\t<div class=\"cf7md-item cf7md-accept cf7md-is-wpcf7v5 mdc-layout-grid__cell mdc-layout-grid__cell--span-12-desktop mdc-layout-grid__cell--span-8-tablet mdc-layout-grid__cell--span-4-phone\">\n\t\t\t\t\t\t<br \/>\n<span class=\"wpcf7-form-control-wrap\" data-name=\"acceptance-878\"><span class=\"wpcf7-form-control wpcf7-acceptance\"><span class=\"wpcf7-list-item\"><input type=\"checkbox\" name=\"acceptance-878\" value=\"1\" aria-invalid=\"false\" \/><\/span><\/span><\/span><br \/>\n\t\t\t<label class=\"cf7md-accept-label\"><strong>Consento el tractament de les meves dades.<\/strong> QSL tractar\u00e0 les seves dades amb la finalitat de respondre les seves consultes, dubtes o reclamacions. Pot exercir els drets d\u2019acc\u00e9s, rectificaci\u00f3, supressi\u00f3, portabilitat, limitaci\u00f3 i oposici\u00f3, tal i com l\u2019informem a la nostra <a href='https:\/\/qsl.cat\/politica-privacitat\/' target='_blank'>Pol\u00edtica de Privacitat<\/a> i <a href='https:\/\/qsl.cat\/avis-legal\/' target='_blank'>Av\u00eds Legal<\/a><\/label>\n\t\t\t<div style=\"display: none;\" class=\"cf7md-checkbox-html\">\n\t\t\t\t<div class=\"mdc-checkbox__background\">\n\t\t\t\t\t<svg class=\"mdc-checkbox__checkmark\" viewBox=\"0 0 24 24\">\n\t\t\t\t\t\t<path class=\"mdc-checkbox__checkmark-path\" fill=\"none\" d=\"M1.73,12.91 8.1,19.28 22.79,4.59\"\/>\n\t\t\t\t\t<\/svg>\n\t\t\t\t\t<div class=\"mdc-checkbox__mixedmark\"><\/div>\n\t\t\t\t<\/div>\n\t\t\t<\/div>\n\t\t\t\t\t<\/div>\n\t\t\n\t\t<div class=\"cf7md-item cf7md-submit mdc-layout-grid__cell mdc-layout-grid__cell--span-12-desktop mdc-layout-grid__cell--span-8-tablet mdc-layout-grid__cell--span-4-phone\" data-button-style=\"raised\">\n\t\t\t<br \/>\n<input class=\"wpcf7-form-control wpcf7-submit has-spinner\" type=\"submit\" value=\"Enviar\" \/><br \/>\n\t\t\t<svg class=\"cf7md-spinner\" width=\"25px\" height=\"25px\" viewBox=\"0 0 66 66\" xmlns=\"http:\/\/www.w3.org\/2000\/svg\">\n\t\t\t\t<circle class=\"cf7md-spinner-path\" fill=\"none\" stroke-width=\"6\" stroke-linecap=\"round\" cx=\"33\" cy=\"33\" r=\"30\"><\/circle>\n\t\t\t<\/svg>\n\t\t<\/div>\n\t\t\n\t\t\t\t\t\t\t\t\t<\/div>\n\t\t\t<\/div>\n\t\t<\/div>\n\t\t\n<\/p><div class=\"wpcf7-response-output\" aria-hidden=\"true\"><\/div>\n<\/form>\n<\/div>\n\n<\/div><\/div>\n<\/div><\/div>\n\n\n\n<div class=\"wp-block-atomic-blocks-ab-columns contacte2 ab-layout-columns-4 ab-4-col-equal\"><div class=\"ab-layout-column-wrap ab-block-layout-column-gap-2 ab-is-responsive-column\">\n<div class=\"wp-block-atomic-blocks-ab-column ab-block-layout-column\"><div class=\"ab-block-layout-column-inner\"><style>.wp-block-kadence-advancedheading.kt-adv-heading1466_2f32de-06, .wp-block-kadence-advancedheading.kt-adv-heading1466_2f32de-06[data-kb-block=\"kb-adv-heading1466_2f32de-06\"]{font-style:normal;}.wp-block-kadence-advancedheading.kt-adv-heading1466_2f32de-06 mark.kt-highlight, .wp-block-kadence-advancedheading.kt-adv-heading1466_2f32de-06[data-kb-block=\"kb-adv-heading1466_2f32de-06\"] mark.kt-highlight{font-style:normal;color:#f76a0c;-webkit-box-decoration-break:clone;box-decoration-break:clone;padding-top:0px;padding-right:0px;padding-bottom:0px;padding-left:0px;}.wp-block-kadence-advancedheading.kt-adv-heading1466_2f32de-06 img.kb-inline-image, .wp-block-kadence-advancedheading.kt-adv-heading1466_2f32de-06[data-kb-block=\"kb-adv-heading1466_2f32de-06\"] img.kb-inline-image{width:150px;vertical-align:baseline;}<\/style>\n<h5 class=\"kt-adv-heading1466_2f32de-06 wp-block-kadence-advancedheading\" data-kb-block=\"kb-adv-heading1466_2f32de-06\">\u00c1mbito Cultura<\/h5>\n\n\n\n<p>Sara Vico<br><a href=\"&#109;&#x61;i&#108;&#x74;&#111;&#x3a;s&#97;&#x72;a&#x40;&#x71;&#115;&#x6c;&#46;&#99;&#x61;t\" class=\"ek-link\">&#x73;&#97;r&#x61;&#64;q&#x73;&#108;&#46;&#x63;&#97;t<\/a><\/p>\n<\/div><\/div>\n\n\n\n<div class=\"wp-block-atomic-blocks-ab-column ab-block-layout-column\"><div class=\"ab-block-layout-column-inner\"><style>.wp-block-kadence-advancedheading.kt-adv-heading1466_08bf28-41, .wp-block-kadence-advancedheading.kt-adv-heading1466_08bf28-41[data-kb-block=\"kb-adv-heading1466_08bf28-41\"]{font-style:normal;}.wp-block-kadence-advancedheading.kt-adv-heading1466_08bf28-41 mark.kt-highlight, .wp-block-kadence-advancedheading.kt-adv-heading1466_08bf28-41[data-kb-block=\"kb-adv-heading1466_08bf28-41\"] mark.kt-highlight{font-style:normal;color:#f76a0c;-webkit-box-decoration-break:clone;box-decoration-break:clone;padding-top:0px;padding-right:0px;padding-bottom:0px;padding-left:0px;}.wp-block-kadence-advancedheading.kt-adv-heading1466_08bf28-41 img.kb-inline-image, .wp-block-kadence-advancedheading.kt-adv-heading1466_08bf28-41[data-kb-block=\"kb-adv-heading1466_08bf28-41\"] img.kb-inline-image{width:150px;vertical-align:baseline;}<\/style>\n<h5 class=\"kt-adv-heading1466_08bf28-41 wp-block-kadence-advancedheading\" data-kb-block=\"kb-adv-heading1466_08bf28-41\">\u00c1mbito Educaci\u00f3n i Participaci\u00f3n<\/h5>\n\n\n\n<p>Marina Estragu\u00e9s<br><a href=\"&#x6d;&#x61;&#105;lt&#x6f;&#x3a;&#109;&#97;r&#x69;&#x6e;&#97;&#64;q&#x73;&#x6c;&#x2e;&#99;at\" class=\"ek-link\">m&#97;&#114;&#x69;&#x6e;&#x61;&#64;&#113;&#115;&#x6c;&#x2e;&#x63;at<\/a><\/p>\n<\/div><\/div>\n\n\n\n<div class=\"wp-block-atomic-blocks-ab-column ab-block-layout-column\"><div class=\"ab-block-layout-column-inner\"><style>.wp-block-kadence-advancedheading.kt-adv-heading1466_6fdea2-af, .wp-block-kadence-advancedheading.kt-adv-heading1466_6fdea2-af[data-kb-block=\"kb-adv-heading1466_6fdea2-af\"]{font-style:normal;}.wp-block-kadence-advancedheading.kt-adv-heading1466_6fdea2-af mark.kt-highlight, .wp-block-kadence-advancedheading.kt-adv-heading1466_6fdea2-af[data-kb-block=\"kb-adv-heading1466_6fdea2-af\"] mark.kt-highlight{font-style:normal;color:#f76a0c;-webkit-box-decoration-break:clone;box-decoration-break:clone;padding-top:0px;padding-right:0px;padding-bottom:0px;padding-left:0px;}.wp-block-kadence-advancedheading.kt-adv-heading1466_6fdea2-af img.kb-inline-image, .wp-block-kadence-advancedheading.kt-adv-heading1466_6fdea2-af[data-kb-block=\"kb-adv-heading1466_6fdea2-af\"] img.kb-inline-image{width:150px;vertical-align:baseline;}<\/style>\n<h5 class=\"kt-adv-heading1466_6fdea2-af wp-block-kadence-advancedheading\" data-kb-block=\"kb-adv-heading1466_6fdea2-af\">\u00c1mbito Juventud<\/h5>\n\n\n\n<p>Txell Rodon<br><a href=\"m&#97;&#x69;&#x6c;t&#111;&#58;&#x74;&#x78;e&#108;&#x6c;&#x40;q&#115;&#108;&#x2e;&#x63;a&#116;\" class=\"ek-link\">&#x74;&#120;&#101;l&#x6c;&#x40;&#113;s&#x6c;&#x2e;&#99;at<\/a><\/p>\n<\/div><\/div>\n\n\n\n<div class=\"wp-block-atomic-blocks-ab-column ab-block-layout-column\"><div class=\"ab-block-layout-column-inner\"><style>.wp-block-kadence-advancedheading.kt-adv-heading1466_59b9f1-00, .wp-block-kadence-advancedheading.kt-adv-heading1466_59b9f1-00[data-kb-block=\"kb-adv-heading1466_59b9f1-00\"]{font-style:normal;}.wp-block-kadence-advancedheading.kt-adv-heading1466_59b9f1-00 mark.kt-highlight, .wp-block-kadence-advancedheading.kt-adv-heading1466_59b9f1-00[data-kb-block=\"kb-adv-heading1466_59b9f1-00\"] mark.kt-highlight{font-style:normal;color:#f76a0c;-webkit-box-decoration-break:clone;box-decoration-break:clone;padding-top:0px;padding-right:0px;padding-bottom:0px;padding-left:0px;}.wp-block-kadence-advancedheading.kt-adv-heading1466_59b9f1-00 img.kb-inline-image, .wp-block-kadence-advancedheading.kt-adv-heading1466_59b9f1-00[data-kb-block=\"kb-adv-heading1466_59b9f1-00\"] img.kb-inline-image{width:150px;vertical-align:baseline;}<\/style>\n<h5 class=\"kt-adv-heading1466_59b9f1-00 wp-block-kadence-advancedheading\" data-kb-block=\"kb-adv-heading1466_59b9f1-00\">\u00c1mbito Interculturalidad y G\u00e9nero<\/h5>\n\n\n\n<p>Carol Astudillo<br><a href=\"&#109;&#x61;&#105;&#x6c;&#116;&#x6f;:&#x63;a&#114;&#x6f;&#108;&#x2e;&#97;&#x73;t&#x75;d&#105;&#x6c;&#108;&#x6f;&#64;&#x71;&#115;&#x6c;&#46;&#x63;a&#116;\" class=\"ek-link\">carol.astudillo<\/a><a href=\"&#x6d;a&#x69;&#108;&#x74;&#111;:&#x73;a&#x72;&#97;&#x40;&#113;s&#x6c;&#46;&#x63;&#97;t\" class=\"ek-link\">@qsl.cat<\/a><\/p>\n<\/div><\/div>\n<\/div><\/div>\n<\/div><\/div>\n\n<\/div><\/div>","protected":false},"excerpt":{"rendered":"<p>QSL<\/p>\n","protected":false},"author":4,"featured_media":1855,"parent":0,"menu_order":0,"comment_status":"closed","ping_status":"closed","template":"templates\/template-builder.php","meta":{"_editorskit_title_hidden":false,"_editorskit_reading_time":1,"_editorskit_is_block_options_detached":false,"_editorskit_block_options_position":"{}","inline_featured_image":false,"_kad_blocks_custom_css":"","_kad_blocks_head_custom_js":"","_kad_blocks_body_custom_js":"","_kad_blocks_footer_custom_js":"","footnotes":""},"class_list":["post-1466","page","type-page","status-publish","has-post-thumbnail","hentry","post","with-featured-image"],"taxonomy_info":[],"featured_image_src_large":["https:\/\/qsl.cat\/wp-content\/uploads\/2020\/11\/social-math-rank-1024x538.jpg",905,475,true],"author_info":{"display_name":"ideadmyn","author_link":"https:\/\/qsl.cat\/es\/author\/ideadmyn\/"},"comment_info":0,"featured_image_src":"https:\/\/qsl.cat\/wp-content\/uploads\/2020\/11\/social-math-rank-600x400.jpg","featured_image_src_square":"https:\/\/qsl.cat\/wp-content\/uploads\/2020\/11\/social-math-rank-600x600.jpg","_links":{"self":[{"href":"https:\/\/qsl.cat\/es\/wp-json\/wp\/v2\/pages\/1466","targetHints":{"allow":["GET"]}}],"collection":[{"href":"https:\/\/qsl.cat\/es\/wp-json\/wp\/v2\/pages"}],"about":[{"href":"https:\/\/qsl.cat\/es\/wp-json\/wp\/v2\/types\/page"}],"author":[{"embeddable":true,"href":"https:\/\/qsl.cat\/es\/wp-json\/wp\/v2\/users\/4"}],"replies":[{"embeddable":true,"href":"https:\/\/qsl.cat\/es\/wp-json\/wp\/v2\/comments?post=1466"}],"version-history":[{"count":7,"href":"https:\/\/qsl.cat\/es\/wp-json\/wp\/v2\/pages\/1466\/revisions"}],"predecessor-version":[{"id":5635,"href":"https:\/\/qsl.cat\/es\/wp-json\/wp\/v2\/pages\/1466\/revisions\/5635"}],"wp:featuredmedia":[{"embeddable":true,"href":"https:\/\/qsl.cat\/es\/wp-json\/wp\/v2\/media\/1855"}],"wp:attachment":[{"href":"https:\/\/qsl.cat\/es\/wp-json\/wp\/v2\/media?parent=1466"}],"curies":[{"name":"wp","href":"https:\/\/api.w.org\/{rel}","templated":true}]}}